{"id":1432,"date":"2025-02-05T15:12:57","date_gmt":"2025-02-05T14:12:57","guid":{"rendered":"https:\/\/www.hotelmonceauelysees.fr\/?page_id=1432"},"modified":"2025-02-05T15:14:12","modified_gmt":"2025-02-05T14:14:12","slug":"news","status":"publish","type":"page","link":"https:\/\/www.hotelmonceauelysees.fr\/en\/news\/","title":{"rendered":"News"},"content":{"rendered":"<style>.kb-row-layout-id1432_55b93f-fb > .kt-row-column-wrap{align-content:start;}:where(.kb-row-layout-id1432_55b93f-fb > .kt-row-column-wrap) > .wp-block-kadence-column{justify-content:start;}.kb-row-layout-id1432_55b93f-fb > .kt-row-column-wrap{column-gap:var(--global-kb-gap-lg, 4rem);row-gap:var(--global-kb-gap-none, 0rem );max-width:var( --global-content-width, 2000px );padding-left:var(--global-content-edge-padding);padding-right:var(--global-content-edge-padding);padding-top:5%;padding-right:0%;padding-bottom:5%;padding-left:0%;min-height:80vh;grid-template-columns:minmax(0, 1fr);}.kb-row-layout-id1432_55b93f-fb > .kt-row-layout-overlay{opacity:0.30;}.kb-row-layout-id1432_55b93f-fb a{color:var(--global-palette4, #2D3748);}.kb-row-layout-id1432_55b93f-fb a:hover{color:var(--global-palette1, #3182CE);}.kb-row-layout-id1432_55b93f-fb .kt-row-layout-bottom-sep{height:100px;}.kb-row-layout-id1432_55b93f-fb .kt-row-layout-bottom-sep svg{width:100%;}.kb-row-layout-id1432_55b93f-fb .kt-row-layout-bottom-sep svg{fill:var(--global-palette1, #3182CE)!important;}.kb-row-layout-id1432_55b93f-fb .kt-row-layout-top-sep{height:100px;}.kb-row-layout-id1432_55b93f-fb .kt-row-layout-top-sep svg{width:100%;}.kb-row-layout-id1432_55b93f-fb .kt-row-layout-top-sep svg{fill:#ffffff!important;}@media all and (max-width: 1024px){.kb-row-layout-id1432_55b93f-fb > .kt-row-column-wrap{padding-left:10%;grid-template-columns:minmax(0, 1fr);}}@media all and (max-width: 1024px){.kb-row-layout-id1432_55b93f-fb .kt-row-layout-bottom-sep{height:px;}}@media all and (max-width: 1024px){.kb-row-layout-id1432_55b93f-fb .kt-row-layout-bottom-sep svg{width:%;}}@media all and (max-width: 767px){.kb-row-layout-wrap.wp-block-kadence-rowlayout.kb-row-layout-id1432_55b93f-fb{margin-bottom:0px;}.kb-row-layout-id1432_55b93f-fb > .kt-row-column-wrap{padding-top:20%;padding-right:0%;padding-bottom:10%;padding-left:0%;grid-template-columns:minmax(0, 1fr);}.kb-row-layout-id1432_55b93f-fb > .kt-row-column-wrap > .wp-block-kadence-column:nth-child(1 of *:not(style)){order:1;}.kb-row-layout-id1432_55b93f-fb > .kt-row-column-wrap > .wp-block-kadence-column:nth-child(2 of *:not(style)){order:11;}.kb-row-layout-id1432_55b93f-fb > .kt-row-column-wrap > .wp-block-kadence-column:nth-child(3 of *:not(style)){order:21;}.kb-row-layout-id1432_55b93f-fb > .kt-row-column-wrap > .wp-block-kadence-column:nth-child(4 of *:not(style)){order:31;}.kb-row-layout-id1432_55b93f-fb .kt-row-layout-bottom-sep{height:px;}.kb-row-layout-id1432_55b93f-fb .kt-row-layout-bottom-sep svg{width:%;}}<\/style><section class=\"kb-row-layout-wrap kb-row-layout-id1432_55b93f-fb alignfull section-custom wp-block-kadence-rowlayout\"><div class=\"kt-row-column-wrap kt-has-1-columns kt-row-layout-equal kt-tab-layout-inherit kt-mobile-layout-row kt-row-valign-top kb-theme-content-width\">\n<style>.kadence-column1432_03628d-48 > .kt-inside-inner-col{display:flex;}.kadence-column1432_03628d-48 > .kt-inside-inner-col{padding-top:0%;padding-right:0%;padding-left:0%;}.kadence-column1432_03628d-48 > .kt-inside-inner-col,.kadence-column1432_03628d-48 > .kt-inside-inner-col:before{border-top-left-radius:0px;border-top-right-radius:0px;border-bottom-right-radius:0px;border-bottom-left-radius:0px;}.kadence-column1432_03628d-48 > .kt-inside-inner-col{row-gap:var(--global-kb-gap-sm, 1rem);column-gap:var(--global-kb-gap-sm, 1rem);}.kadence-column1432_03628d-48 > .kt-inside-inner-col{flex-direction:column;justify-content:center;align-items:center;}.kadence-column1432_03628d-48 > .kt-inside-inner-col > .kb-image-is-ratio-size{align-self:stretch;}.kadence-column1432_03628d-48 > .kt-inside-inner-col > .wp-block-kadence-advancedgallery{align-self:stretch;}.kadence-column1432_03628d-48 > .kt-inside-inner-col > .aligncenter{width:100%;}.kt-row-column-wrap > .kadence-column1432_03628d-48{align-self:center;}.kt-inner-column-height-full:not(.kt-has-1-columns) > .wp-block-kadence-column.kadence-column1432_03628d-48{align-self:auto;}.kt-inner-column-height-full:not(.kt-has-1-columns) > .wp-block-kadence-column.kadence-column1432_03628d-48 > .kt-inside-inner-col{flex-direction:column;justify-content:center;}.kadence-column1432_03628d-48 > .kt-inside-inner-col:before{opacity:0.3;}.kadence-column1432_03628d-48{text-align:left;}.kadence-column1432_03628d-48{position:relative;}@media all and (max-width: 1024px){.kadence-column1432_03628d-48 > .kt-inside-inner-col{padding-top:5%;padding-right:5%;flex-direction:column;justify-content:center;align-items:center;}}@media all and (max-width: 1024px){.kt-row-column-wrap > .kadence-column1432_03628d-48{align-self:center;}}@media all and (max-width: 1024px){.kt-inner-column-height-full:not(.kt-has-1-columns) > .wp-block-kadence-column.kadence-column1432_03628d-48{align-self:auto;}}@media all and (max-width: 1024px){.kt-inner-column-height-full:not(.kt-has-1-columns) > .wp-block-kadence-column.kadence-column1432_03628d-48 > .kt-inside-inner-col{flex-direction:column;justify-content:center;}}@media all and (max-width: 767px){.kadence-column1432_03628d-48 > .kt-inside-inner-col{padding-top:0%;padding-right:5%;padding-left:5%;flex-direction:column;justify-content:center;align-items:center;}.kt-row-column-wrap > .kadence-column1432_03628d-48{align-self:center;}.kt-inner-column-height-full:not(.kt-has-1-columns) > .wp-block-kadence-column.kadence-column1432_03628d-48{align-self:auto;}.kt-inner-column-height-full:not(.kt-has-1-columns) > .wp-block-kadence-column.kadence-column1432_03628d-48 > .kt-inside-inner-col{flex-direction:column;justify-content:center;}}<\/style>\n<div class=\"wp-block-kadence-column kadence-column1432_03628d-48 kb-section-md-dir-vertical inner-column-1\"><div class=\"kt-inside-inner-col\"><style>.wp-block-kadence-advancedheading.kt-adv-heading1432_1e120c-4c, .wp-block-kadence-advancedheading.kt-adv-heading1432_1e120c-4c[data-kb-block=\"kb-adv-heading1432_1e120c-4c\"]{margin-top:0px;text-align:center;font-size:var(--global-kb-font-size-lg, 2rem);font-style:normal;font-family:var( u002du002dglobal-heading-font-family, inherit );}.wp-block-kadence-advancedheading.kt-adv-heading1432_1e120c-4c mark.kt-highlight, .wp-block-kadence-advancedheading.kt-adv-heading1432_1e120c-4c[data-kb-block=\"kb-adv-heading1432_1e120c-4c\"] mark.kt-highlight{font-style:normal;color:#f76a0c;-webkit-box-decoration-break:clone;box-decoration-break:clone;padding-top:0px;padding-right:0px;padding-bottom:0px;padding-left:0px;}.wp-block-kadence-advancedheading.kt-adv-heading1432_1e120c-4c img.kb-inline-image, .wp-block-kadence-advancedheading.kt-adv-heading1432_1e120c-4c[data-kb-block=\"kb-adv-heading1432_1e120c-4c\"] img.kb-inline-image{width:150px;vertical-align:baseline;}@media all and (max-width: 1024px){.wp-block-kadence-advancedheading.kt-adv-heading1432_1e120c-4c, .wp-block-kadence-advancedheading.kt-adv-heading1432_1e120c-4c[data-kb-block=\"kb-adv-heading1432_1e120c-4c\"]{font-size:var(--global-kb-font-size-xl, 3rem);text-align:center!important;}}@media all and (max-width: 767px){.wp-block-kadence-advancedheading.kt-adv-heading1432_1e120c-4c, .wp-block-kadence-advancedheading.kt-adv-heading1432_1e120c-4c[data-kb-block=\"kb-adv-heading1432_1e120c-4c\"]{padding-right:var(--global-kb-spacing-sm, 1.5rem);padding-left:var(--global-kb-spacing-sm, 1.5rem);font-size:var(--global-kb-font-size-lg, 2rem);}}<\/style>\n<h1 class=\"kt-adv-heading1432_1e120c-4c custom-title wp-block-kadence-advancedheading has-theme-palette-3-color has-text-color\" data-kb-block=\"kb-adv-heading1432_1e120c-4c\">Follow us on Instagram<\/h1>\n\n\n        <div\n            class=\"spotlight-instagram-feed\"\n            data-feed-var=\"318ceac1\"\n            data-analytics=\"0\"\n            data-instance=\"1432\"\n        >\n        <\/div>\n        <input type=\"hidden\" id=\"sli__f__318ceac1\" data-json='{&quot;useCase&quot;:&quot;accounts&quot;,&quot;template&quot;:&quot;classic&quot;,&quot;layout&quot;:&quot;grid&quot;,&quot;numColumns&quot;:{&quot;desktop&quot;:4,&quot;phone&quot;:2},&quot;highlightFreq&quot;:{&quot;desktop&quot;:7},&quot;sliderNumScrollPosts&quot;:{&quot;desktop&quot;:1},&quot;sliderInfinite&quot;:true,&quot;sliderLoop&quot;:false,&quot;sliderArrowPos&quot;:{&quot;desktop&quot;:&quot;inside&quot;},&quot;sliderArrowSize&quot;:{&quot;desktop&quot;:20},&quot;sliderArrowColor&quot;:{&quot;r&quot;:255,&quot;b&quot;:255,&quot;g&quot;:255,&quot;a&quot;:1},&quot;sliderArrowBgColor&quot;:{&quot;r&quot;:0,&quot;b&quot;:0,&quot;g&quot;:0,&quot;a&quot;:0.8},&quot;sliderAutoScroll&quot;:false,&quot;sliderAutoInterval&quot;:3,&quot;postOrder&quot;:&quot;date_desc&quot;,&quot;numPosts&quot;:{&quot;desktop&quot;:4,&quot;phone&quot;:6},&quot;linkBehavior&quot;:{&quot;desktop&quot;:&quot;new_tab&quot;,&quot;phone&quot;:&quot;new_tab&quot;},&quot;feedWidth&quot;:{&quot;desktop&quot;:&quot;&quot;},&quot;feedHeight&quot;:{&quot;desktop&quot;:&quot;&quot;},&quot;feedPadding&quot;:{&quot;desktop&quot;:60,&quot;tablet&quot;:14,&quot;phone&quot;:10},&quot;imgPadding&quot;:{&quot;desktop&quot;:1,&quot;tablet&quot;:10,&quot;phone&quot;:6},&quot;textSize&quot;:{&quot;desktop&quot;:&quot;&quot;,&quot;tablet&quot;:&quot;&quot;,&quot;phone&quot;:&quot;&quot;},&quot;bgColor&quot;:{&quot;r&quot;:255,&quot;g&quot;:255,&quot;b&quot;:255,&quot;a&quot;:0},&quot;hoverInfo&quot;:[&quot;likes_comments&quot;,&quot;insta_link&quot;],&quot;textColorHover&quot;:{&quot;r&quot;:255,&quot;g&quot;:255,&quot;b&quot;:255,&quot;a&quot;:1},&quot;bgColorHover&quot;:{&quot;r&quot;:0,&quot;g&quot;:0,&quot;b&quot;:0,&quot;a&quot;:0.5},&quot;showHeader&quot;:{&quot;desktop&quot;:true},&quot;headerInfo&quot;:{&quot;desktop&quot;:[&quot;profile_pic&quot;,&quot;bio&quot;]},&quot;headerAccount&quot;:5,&quot;headerStyle&quot;:{&quot;desktop&quot;:&quot;normal&quot;,&quot;phone&quot;:&quot;normal&quot;},&quot;headerTextSize&quot;:{&quot;desktop&quot;:&quot;&quot;},&quot;headerPhotoSize&quot;:{&quot;desktop&quot;:50},&quot;headerTextColor&quot;:{&quot;r&quot;:0,&quot;g&quot;:0,&quot;b&quot;:0,&quot;a&quot;:1},&quot;headerBgColor&quot;:{&quot;r&quot;:255,&quot;g&quot;:255,&quot;b&quot;:255,&quot;a&quot;:0},&quot;headerPadding&quot;:{&quot;desktop&quot;:16,&quot;phone&quot;:0},&quot;customProfilePic&quot;:0,&quot;customBioText&quot;:&quot;&quot;,&quot;includeStories&quot;:false,&quot;storiesInterval&quot;:5,&quot;showCaptions&quot;:{&quot;desktop&quot;:false},&quot;captionMaxLength&quot;:{&quot;desktop&quot;:0},&quot;captionRemoveDots&quot;:false,&quot;captionSize&quot;:{&quot;desktop&quot;:0},&quot;captionColor&quot;:{&quot;r&quot;:0,&quot;g&quot;:0,&quot;b&quot;:0,&quot;a&quot;:1},&quot;showLikes&quot;:{&quot;desktop&quot;:false},&quot;showComments&quot;:{&quot;desktop&quot;:false},&quot;lcIconSize&quot;:{&quot;desktop&quot;:14},&quot;likesIconColor&quot;:{&quot;r&quot;:0,&quot;g&quot;:0,&quot;b&quot;:0,&quot;a&quot;:1},&quot;commentsIconColor&quot;:{&quot;r&quot;:0,&quot;g&quot;:0,&quot;b&quot;:0,&quot;a&quot;:1},&quot;lightboxShowSidebar&quot;:false,&quot;lightboxCtaStyle&quot;:&quot;link&quot;,&quot;lightboxCtaDesign&quot;:{&quot;text&quot;:{&quot;color&quot;:{&quot;r&quot;:0,&quot;g&quot;:0,&quot;b&quot;:0,&quot;a&quot;:1},&quot;align&quot;:&quot;center&quot;},&quot;bgColor&quot;:{&quot;r&quot;:230,&quot;g&quot;:230,&quot;b&quot;:230,&quot;a&quot;:1},&quot;border&quot;:{&quot;radius&quot;:3}},&quot;numLightboxComments&quot;:50,&quot;showLoadMoreBtn&quot;:{&quot;desktop&quot;:true},&quot;loadMoreBtnDesign&quot;:{&quot;text&quot;:{&quot;color&quot;:{&quot;r&quot;:255,&quot;g&quot;:255,&quot;b&quot;:255,&quot;a&quot;:1},&quot;align&quot;:&quot;center&quot;},&quot;border&quot;:{&quot;radius&quot;:5},&quot;bgColor&quot;:{&quot;r&quot;:80,&quot;g&quot;:120,&quot;b&quot;:125,&quot;a&quot;:1},&quot;margin&quot;:{&quot;top&quot;:0,&quot;bottom&quot;:0,&quot;left&quot;:0,&quot;right&quot;:0},&quot;onHover&quot;:{&quot;bgColor&quot;:{&quot;r&quot;:72,&quot;g&quot;:103,&quot;b&quot;:107,&quot;a&quot;:1}}},&quot;loadMoreBtnText&quot;:&quot;Load more &quot;,&quot;loadMoreBtnScroll&quot;:false,&quot;autoload&quot;:false,&quot;showFollowBtn&quot;:{&quot;desktop&quot;:true},&quot;followBtnText&quot;:&quot;Follow us&quot;,&quot;followBtnDesign&quot;:{&quot;text&quot;:{&quot;color&quot;:{&quot;r&quot;:255,&quot;g&quot;:255,&quot;b&quot;:255,&quot;a&quot;:1},&quot;align&quot;:&quot;center&quot;},&quot;border&quot;:{&quot;radius&quot;:3},&quot;bgColor&quot;:{&quot;r&quot;:80,&quot;g&quot;:120,&quot;b&quot;:125,&quot;a&quot;:1},&quot;margin&quot;:{&quot;top&quot;:0,&quot;bottom&quot;:0,&quot;left&quot;:0,&quot;right&quot;:0},&quot;onHover&quot;:{&quot;bgColor&quot;:{&quot;r&quot;:74,&quot;g&quot;:108,&quot;b&quot;:113,&quot;a&quot;:1}}},&quot;followBtnLocation&quot;:{&quot;desktop&quot;:&quot;header&quot;,&quot;phone&quot;:&quot;bottom&quot;},&quot;alignFooterButtons&quot;:{&quot;desktop&quot;:false},&quot;customCss&quot;:&quot;\\\/* Enter your custom CSS below *\\\/\\n\\n.LoadMoreButton {\\n    margin-top: 16px !important; \\n}&quot;,&quot;accounts&quot;:[1383],&quot;tagged&quot;:[],&quot;hashtags&quot;:[],&quot;mediaType&quot;:&quot;all&quot;,&quot;hashtagWhitelist&quot;:[],&quot;hashtagBlacklist&quot;:[],&quot;captionWhitelist&quot;:[],&quot;captionBlacklist&quot;:[],&quot;hashtagWhitelistSettings&quot;:true,&quot;hashtagBlacklistSettings&quot;:true,&quot;captionWhitelistSettings&quot;:true,&quot;captionBlacklistSettings&quot;:true,&quot;moderation&quot;:[],&quot;moderationMode&quot;:&quot;blacklist&quot;,&quot;promosVersion&quot;:2,&quot;promosEnabled&quot;:true,&quot;globalPromosEnabled&quot;:true,&quot;autoPromosEnabled&quot;:true,&quot;promoOverrides&quot;:[],&quot;feedPromo&quot;:{&quot;linkSource&quot;:{&quot;type&quot;:null},&quot;linkBehavior&quot;:{&quot;openNewTab&quot;:false,&quot;showPopupBox&quot;:false},&quot;linkText&quot;:&quot;&quot;},&quot;gaCampaignSource&quot;:&quot;&quot;,&quot;gaCampaignMedium&quot;:&quot;&quot;,&quot;gaCampaignName&quot;:&quot;&quot;}' \/>\n        <input type=\"hidden\" id=\"sli__a__318ceac1\" data-json='[{&quot;id&quot;:1383,&quot;type&quot;:&quot;PERSONAL&quot;,&quot;userId&quot;:&quot;9664230300263549&quot;,&quot;username&quot;:&quot;hotelmonceauelysees_&quot;,&quot;bio&quot;:&quot;&quot;,&quot;customBio&quot;:&quot;&quot;,&quot;profilePicUrl&quot;:&quot;&quot;,&quot;customProfilePicUrl&quot;:&quot;&quot;,&quot;mediaCount&quot;:&quot;34&quot;,&quot;followersCount&quot;:&quot;0&quot;,&quot;usages&quot;:[],&quot;creationDate&quot;:&quot;2025-02-05 13:02:51&quot;}]' \/>\n        <input type=\"hidden\" id=\"sli__m__318ceac1\" data-json='[]' \/>\n        \n<\/div><\/div>\n\n<\/div><\/section>","protected":false},"excerpt":{"rendered":"<p>Follow us on Instagram<\/p>","protected":false},"author":4,"featured_media":0,"parent":0,"menu_order":0,"comment_status":"closed","ping_status":"closed","template":"","meta":{"_kad_post_transparent":"disable","_kad_post_title":"hide","_kad_post_layout":"fullwidth","_kad_post_sidebar_id":"","_kad_post_content_style":"unboxed","_kad_post_vertical_padding":"","_kad_post_feature":"","_kad_post_feature_position":"","_kad_post_header":false,"_kad_post_footer":false,"_kad_post_classname":"","footnotes":""},"class_list":["post-1432","page","type-page","status-publish","hentry"],"yoast_head":"<!-- This site is optimized with the Yoast SEO plugin v26.8 - https:\/\/yoast.com\/product\/yoast-seo-wordpress\/ -->\n<title>News<\/title>\n<meta name=\"robots\" content=\"index, follow, max-snippet:-1, max-image-preview:large, max-video-preview:-1\" \/>\n<link rel=\"canonical\" href=\"https:\/\/www.hotelmonceauelysees.fr\/en\/news\/\" \/>\n<meta property=\"og:locale\" content=\"en_GB\" \/>\n<meta property=\"og:type\" content=\"article\" \/>\n<meta property=\"og:title\" content=\"News\" \/>\n<meta property=\"og:description\" content=\"Follow us on Instagram\" \/>\n<meta property=\"og:url\" content=\"https:\/\/www.hotelmonceauelysees.fr\/en\/news\/\" \/>\n<meta property=\"og:site_name\" content=\"\u2192 Monceau \u00c9lys\u00e9es H\u00f4tel *** - Paris 17e\" \/>\n<meta property=\"article:publisher\" content=\"https:\/\/www.facebook.com\/HotelMonceauElysees\" \/>\n<meta property=\"article:modified_time\" content=\"2025-02-05T14:14:12+00:00\" \/>\n<meta property=\"og:image\" content=\"https:\/\/www.hotelmonceauelysees.fr\/wp-content\/uploads\/2025\/02\/6_MonceauHQ-1-scaled-1.webp\" \/>\n\t<meta property=\"og:image:width\" content=\"2560\" \/>\n\t<meta property=\"og:image:height\" content=\"1707\" \/>\n\t<meta property=\"og:image:type\" content=\"image\/webp\" \/>\n<meta name=\"twitter:card\" content=\"summary_large_image\" \/>\n<meta name=\"twitter:label1\" content=\"Estimated reading time\" \/>\n\t<meta name=\"twitter:data1\" content=\"1 minute\" \/>\n<script type=\"application\/ld+json\" class=\"yoast-schema-graph\">{\"@context\":\"https:\/\/schema.org\",\"@graph\":[{\"@type\":\"WebPage\",\"@id\":\"https:\/\/www.hotelmonceauelysees.fr\/en\/news\/\",\"url\":\"https:\/\/www.hotelmonceauelysees.fr\/en\/news\/\",\"name\":\"News\",\"isPartOf\":{\"@id\":\"https:\/\/www.hotelmonceauelysees.fr\/en\/#website\"},\"datePublished\":\"2025-02-05T14:12:57+00:00\",\"dateModified\":\"2025-02-05T14:14:12+00:00\",\"breadcrumb\":{\"@id\":\"https:\/\/www.hotelmonceauelysees.fr\/en\/news\/#breadcrumb\"},\"inLanguage\":\"en-GB\",\"potentialAction\":[{\"@type\":\"ReadAction\",\"target\":[\"https:\/\/www.hotelmonceauelysees.fr\/en\/news\/\"]}]},{\"@type\":\"BreadcrumbList\",\"@id\":\"https:\/\/www.hotelmonceauelysees.fr\/en\/news\/#breadcrumb\",\"itemListElement\":[{\"@type\":\"ListItem\",\"position\":1,\"name\":\"Accueil\",\"item\":\"https:\/\/www.hotelmonceauelysees.fr\/en\/home\/\"},{\"@type\":\"ListItem\",\"position\":2,\"name\":\"News\"}]},{\"@type\":\"WebSite\",\"@id\":\"https:\/\/www.hotelmonceauelysees.fr\/en\/#website\",\"url\":\"https:\/\/www.hotelmonceauelysees.fr\/en\/\",\"name\":\"\u2192 Monceau \u00c9lys\u00e9es H\u00f4tel *** - Paris 17e\",\"description\":\"H\u00f4tel 3 \u00e9toiles \u00e0 Paris\",\"publisher\":{\"@id\":\"https:\/\/www.hotelmonceauelysees.fr\/en\/#organization\"},\"potentialAction\":[{\"@type\":\"SearchAction\",\"target\":{\"@type\":\"EntryPoint\",\"urlTemplate\":\"https:\/\/www.hotelmonceauelysees.fr\/en\/?s={search_term_string}\"},\"query-input\":{\"@type\":\"PropertyValueSpecification\",\"valueRequired\":true,\"valueName\":\"search_term_string\"}}],\"inLanguage\":\"en-GB\"},{\"@type\":\"Organization\",\"@id\":\"https:\/\/www.hotelmonceauelysees.fr\/en\/#organization\",\"name\":\"H\u00f4tel Monceau Elys\u00e9es ***\",\"url\":\"https:\/\/www.hotelmonceauelysees.fr\/en\/\",\"logo\":{\"@type\":\"ImageObject\",\"inLanguage\":\"en-GB\",\"@id\":\"https:\/\/www.hotelmonceauelysees.fr\/en\/#\/schema\/logo\/image\/\",\"url\":\"https:\/\/www.hotelmonceauelysees.fr\/wp-content\/uploads\/2025\/02\/cropped-logo_hme_text_transparent.webp\",\"contentUrl\":\"https:\/\/www.hotelmonceauelysees.fr\/wp-content\/uploads\/2025\/02\/cropped-logo_hme_text_transparent.webp\",\"width\":177,\"height\":160,\"caption\":\"H\u00f4tel Monceau Elys\u00e9es ***\"},\"image\":{\"@id\":\"https:\/\/www.hotelmonceauelysees.fr\/en\/#\/schema\/logo\/image\/\"},\"sameAs\":[\"https:\/\/www.facebook.com\/HotelMonceauElysees\"]}]}<\/script>\n<!-- \/ Yoast SEO plugin. -->","yoast_head_json":{"title":"News","robots":{"index":"index","follow":"follow","max-snippet":"max-snippet:-1","max-image-preview":"max-image-preview:large","max-video-preview":"max-video-preview:-1"},"canonical":"https:\/\/www.hotelmonceauelysees.fr\/en\/news\/","og_locale":"en_GB","og_type":"article","og_title":"News","og_description":"Follow us on Instagram","og_url":"https:\/\/www.hotelmonceauelysees.fr\/en\/news\/","og_site_name":"\u2192 Monceau \u00c9lys\u00e9es H\u00f4tel *** - Paris 17e","article_publisher":"https:\/\/www.facebook.com\/HotelMonceauElysees","article_modified_time":"2025-02-05T14:14:12+00:00","og_image":[{"width":2560,"height":1707,"url":"https:\/\/www.hotelmonceauelysees.fr\/wp-content\/uploads\/2025\/02\/6_MonceauHQ-1-scaled-1.webp","type":"image\/webp"}],"twitter_card":"summary_large_image","twitter_misc":{"Estimated reading time":"1 minute"},"schema":{"@context":"https:\/\/schema.org","@graph":[{"@type":"WebPage","@id":"https:\/\/www.hotelmonceauelysees.fr\/en\/news\/","url":"https:\/\/www.hotelmonceauelysees.fr\/en\/news\/","name":"News","isPartOf":{"@id":"https:\/\/www.hotelmonceauelysees.fr\/en\/#website"},"datePublished":"2025-02-05T14:12:57+00:00","dateModified":"2025-02-05T14:14:12+00:00","breadcrumb":{"@id":"https:\/\/www.hotelmonceauelysees.fr\/en\/news\/#breadcrumb"},"inLanguage":"en-GB","potentialAction":[{"@type":"ReadAction","target":["https:\/\/www.hotelmonceauelysees.fr\/en\/news\/"]}]},{"@type":"BreadcrumbList","@id":"https:\/\/www.hotelmonceauelysees.fr\/en\/news\/#breadcrumb","itemListElement":[{"@type":"ListItem","position":1,"name":"Accueil","item":"https:\/\/www.hotelmonceauelysees.fr\/en\/home\/"},{"@type":"ListItem","position":2,"name":"News"}]},{"@type":"WebSite","@id":"https:\/\/www.hotelmonceauelysees.fr\/en\/#website","url":"https:\/\/www.hotelmonceauelysees.fr\/en\/","name":"\u2192 Monceau \u00c9lys\u00e9es H\u00f4tel *** - Paris 17e","description":"H\u00f4tel 3 \u00e9toiles \u00e0 Paris","publisher":{"@id":"https:\/\/www.hotelmonceauelysees.fr\/en\/#organization"},"potentialAction":[{"@type":"SearchAction","target":{"@type":"EntryPoint","urlTemplate":"https:\/\/www.hotelmonceauelysees.fr\/en\/?s={search_term_string}"},"query-input":{"@type":"PropertyValueSpecification","valueRequired":true,"valueName":"search_term_string"}}],"inLanguage":"en-GB"},{"@type":"Organization","@id":"https:\/\/www.hotelmonceauelysees.fr\/en\/#organization","name":"H\u00f4tel Monceau Elys\u00e9es ***","url":"https:\/\/www.hotelmonceauelysees.fr\/en\/","logo":{"@type":"ImageObject","inLanguage":"en-GB","@id":"https:\/\/www.hotelmonceauelysees.fr\/en\/#\/schema\/logo\/image\/","url":"https:\/\/www.hotelmonceauelysees.fr\/wp-content\/uploads\/2025\/02\/cropped-logo_hme_text_transparent.webp","contentUrl":"https:\/\/www.hotelmonceauelysees.fr\/wp-content\/uploads\/2025\/02\/cropped-logo_hme_text_transparent.webp","width":177,"height":160,"caption":"H\u00f4tel Monceau Elys\u00e9es ***"},"image":{"@id":"https:\/\/www.hotelmonceauelysees.fr\/en\/#\/schema\/logo\/image\/"},"sameAs":["https:\/\/www.facebook.com\/HotelMonceauElysees"]}]}},"_links":{"self":[{"href":"https:\/\/www.hotelmonceauelysees.fr\/en\/wp-json\/wp\/v2\/pages\/1432","targetHints":{"allow":["GET"]}}],"collection":[{"href":"https:\/\/www.hotelmonceauelysees.fr\/en\/wp-json\/wp\/v2\/pages"}],"about":[{"href":"https:\/\/www.hotelmonceauelysees.fr\/en\/wp-json\/wp\/v2\/types\/page"}],"author":[{"embeddable":true,"href":"https:\/\/www.hotelmonceauelysees.fr\/en\/wp-json\/wp\/v2\/users\/4"}],"replies":[{"embeddable":true,"href":"https:\/\/www.hotelmonceauelysees.fr\/en\/wp-json\/wp\/v2\/comments?post=1432"}],"version-history":[{"count":3,"href":"https:\/\/www.hotelmonceauelysees.fr\/en\/wp-json\/wp\/v2\/pages\/1432\/revisions"}],"predecessor-version":[{"id":1435,"href":"https:\/\/www.hotelmonceauelysees.fr\/en\/wp-json\/wp\/v2\/pages\/1432\/revisions\/1435"}],"wp:attachment":[{"href":"https:\/\/www.hotelmonceauelysees.fr\/en\/wp-json\/wp\/v2\/media?parent=1432"}],"curies":[{"name":"wp","href":"https:\/\/api.w.org\/{rel}","templated":true}]}}