{"id":1354,"date":"2025-02-05T09:58:42","date_gmt":"2025-02-05T08:58:42","guid":{"rendered":"https:\/\/www.hotelmonceauelysees.fr\/?page_id=1354"},"modified":"2025-02-05T15:38:51","modified_gmt":"2025-02-05T14:38:51","slug":"e-concierge","status":"publish","type":"page","link":"https:\/\/www.hotelmonceauelysees.fr\/en\/e-concierge\/","title":{"rendered":"E-concierge"},"content":{"rendered":"<style>.kb-row-layout-id1354_42aadf-29 > .kt-row-column-wrap{align-content:start;}:where(.kb-row-layout-id1354_42aadf-29 > .kt-row-column-wrap) > .wp-block-kadence-column{justify-content:start;}.kb-row-layout-id1354_42aadf-29 > .kt-row-column-wrap{column-gap:var(--global-kb-gap-md, 2rem);row-gap:var(--global-kb-gap-md, 2rem);max-width:var( --global-content-width, 2000px );padding-left:var(--global-content-edge-padding);padding-right:var(--global-content-edge-padding);padding-top:0%;padding-right:0%;padding-bottom:0%;padding-left:0%;grid-template-columns:minmax(0, 1fr);}.kb-row-layout-id1354_42aadf-29 > .kt-row-layout-overlay{opacity:0.30;}@media all and (max-width: 1024px){.kb-row-layout-id1354_42aadf-29 > .kt-row-column-wrap{grid-template-columns:minmax(0, 1fr);}}@media all and (max-width: 767px){.kb-row-layout-id1354_42aadf-29 > .kt-row-column-wrap{padding-top:0%;padding-right:0%;padding-bottom:0%;padding-left:0%;grid-template-columns:minmax(0, 1fr);}}<\/style><section class=\"kb-row-layout-wrap kb-row-layout-id1354_42aadf-29 alignfull has-theme-palette7-background-color kt-row-has-bg wp-block-kadence-rowlayout\"><div class=\"kt-row-column-wrap kt-has-1-columns kt-row-layout-equal kt-tab-layout-inherit kt-mobile-layout-row kt-row-valign-top kb-theme-content-width\">\n<style>.kadence-column1354_74fcaa-2a{max-width:2000px;margin-left:auto;margin-right:auto;}.wp-block-kadence-column.kb-section-dir-horizontal:not(.kb-section-md-dir-vertical)>.kt-inside-inner-col>.kadence-column1354_74fcaa-2a{-webkit-flex:0 1 2000px;flex:0 1 2000px;max-width:unset;margin-left:unset;margin-right:unset;}.kadence-column1354_74fcaa-2a > .kt-inside-inner-col{padding-right:0%;padding-left:0%;}.kadence-column1354_74fcaa-2a > .kt-inside-inner-col,.kadence-column1354_74fcaa-2a > .kt-inside-inner-col:before{border-top-left-radius:0px;border-top-right-radius:0px;border-bottom-right-radius:0px;border-bottom-left-radius:0px;}.kadence-column1354_74fcaa-2a > .kt-inside-inner-col{column-gap:var(--global-kb-gap-sm, 1rem);}.kadence-column1354_74fcaa-2a > .kt-inside-inner-col{flex-direction:column;}.kadence-column1354_74fcaa-2a > .kt-inside-inner-col > .aligncenter{width:100%;}.kadence-column1354_74fcaa-2a > .kt-inside-inner-col:before{opacity:0.3;}.kadence-column1354_74fcaa-2a{position:relative;}.kadence-column1354_74fcaa-2a, .kt-inside-inner-col > .kadence-column1354_74fcaa-2a:not(.specificity){margin-right:0px;margin-left:0px;}@media all and (min-width: 1025px){.wp-block-kadence-column.kb-section-dir-horizontal>.kt-inside-inner-col>.kadence-column1354_74fcaa-2a{-webkit-flex:0 1 2000px;flex:0 1 2000px;max-width:unset;margin-left:unset;margin-right:unset;}}@media all and (max-width: 1024px){.kadence-column1354_74fcaa-2a > .kt-inside-inner-col{flex-direction:column;justify-content:center;}}@media all and (max-width: 767px){.wp-block-kadence-column.kb-section-sm-dir-vertical:not(.kb-section-sm-dir-horizontal):not(.kb-section-sm-dir-specificity)>.kt-inside-inner-col>.kadence-column1354_74fcaa-2a{max-width:2000px;-webkit-flex:1;flex:1;margin-left:auto;margin-right:auto;}.kadence-column1354_74fcaa-2a > .kt-inside-inner-col{flex-direction:column;justify-content:center;}}<\/style>\n<div class=\"wp-block-kadence-column kadence-column1354_74fcaa-2a\"><div class=\"kt-inside-inner-col\">\n<div class=\"iframe-container\">\n    <iframe src=\"https:\/\/hotelmonceauelysees.guide.paris\/en\" frameborder=\"0\" class=\"iframe\"><\/iframe>\n<\/div>\n<\/div><\/div>\n\n<\/div><\/section>","protected":false},"excerpt":{"rendered":"","protected":false},"author":4,"featured_media":0,"parent":0,"menu_order":0,"comment_status":"closed","ping_status":"closed","template":"","meta":{"_kad_post_transparent":"disable","_kad_post_title":"hide","_kad_post_layout":"fullwidth","_kad_post_sidebar_id":"","_kad_post_content_style":"unboxed","_kad_post_vertical_padding":"","_kad_post_feature":"","_kad_post_feature_position":"","_kad_post_header":false,"_kad_post_footer":false,"_kad_post_classname":"","footnotes":""},"class_list":["post-1354","page","type-page","status-publish","hentry"],"yoast_head":"<!-- This site is optimized with the Yoast SEO plugin v26.8 - https:\/\/yoast.com\/product\/yoast-seo-wordpress\/ -->\n<title>E-concierge<\/title>\n<meta name=\"robots\" content=\"index, follow, max-snippet:-1, max-image-preview:large, max-video-preview:-1\" \/>\n<link rel=\"canonical\" href=\"https:\/\/www.hotelmonceauelysees.fr\/en\/e-concierge\/\" \/>\n<meta property=\"og:locale\" content=\"en_GB\" \/>\n<meta property=\"og:type\" content=\"article\" \/>\n<meta property=\"og:title\" content=\"E-concierge\" \/>\n<meta property=\"og:url\" content=\"https:\/\/www.hotelmonceauelysees.fr\/en\/e-concierge\/\" \/>\n<meta property=\"og:site_name\" content=\"\u2192 Monceau \u00c9lys\u00e9es H\u00f4tel *** - Paris 17e\" \/>\n<meta property=\"article:publisher\" content=\"https:\/\/www.facebook.com\/HotelMonceauElysees\" \/>\n<meta property=\"article:modified_time\" content=\"2025-02-05T14:38:51+00:00\" \/>\n<meta property=\"og:image\" content=\"https:\/\/www.hotelmonceauelysees.fr\/wp-content\/uploads\/2025\/02\/6_MonceauHQ-1-scaled-1.webp\" \/>\n\t<meta property=\"og:image:width\" content=\"2560\" \/>\n\t<meta property=\"og:image:height\" content=\"1707\" \/>\n\t<meta property=\"og:image:type\" content=\"image\/webp\" \/>\n<meta name=\"twitter:card\" content=\"summary_large_image\" \/>\n<script type=\"application\/ld+json\" class=\"yoast-schema-graph\">{\"@context\":\"https:\/\/schema.org\",\"@graph\":[{\"@type\":\"WebPage\",\"@id\":\"https:\/\/www.hotelmonceauelysees.fr\/en\/e-concierge\/\",\"url\":\"https:\/\/www.hotelmonceauelysees.fr\/en\/e-concierge\/\",\"name\":\"E-concierge\",\"isPartOf\":{\"@id\":\"https:\/\/www.hotelmonceauelysees.fr\/en\/#website\"},\"datePublished\":\"2025-02-05T08:58:42+00:00\",\"dateModified\":\"2025-02-05T14:38:51+00:00\",\"breadcrumb\":{\"@id\":\"https:\/\/www.hotelmonceauelysees.fr\/en\/e-concierge\/#breadcrumb\"},\"inLanguage\":\"en-GB\",\"potentialAction\":[{\"@type\":\"ReadAction\",\"target\":[\"https:\/\/www.hotelmonceauelysees.fr\/en\/e-concierge\/\"]}]},{\"@type\":\"BreadcrumbList\",\"@id\":\"https:\/\/www.hotelmonceauelysees.fr\/en\/e-concierge\/#breadcrumb\",\"itemListElement\":[{\"@type\":\"ListItem\",\"position\":1,\"name\":\"Accueil\",\"item\":\"https:\/\/www.hotelmonceauelysees.fr\/en\/home\/\"},{\"@type\":\"ListItem\",\"position\":2,\"name\":\"E-concierge\"}]},{\"@type\":\"WebSite\",\"@id\":\"https:\/\/www.hotelmonceauelysees.fr\/en\/#website\",\"url\":\"https:\/\/www.hotelmonceauelysees.fr\/en\/\",\"name\":\"\u2192 Monceau \u00c9lys\u00e9es H\u00f4tel *** - Paris 17e\",\"description\":\"H\u00f4tel 3 \u00e9toiles \u00e0 Paris\",\"publisher\":{\"@id\":\"https:\/\/www.hotelmonceauelysees.fr\/en\/#organization\"},\"potentialAction\":[{\"@type\":\"SearchAction\",\"target\":{\"@type\":\"EntryPoint\",\"urlTemplate\":\"https:\/\/www.hotelmonceauelysees.fr\/en\/?s={search_term_string}\"},\"query-input\":{\"@type\":\"PropertyValueSpecification\",\"valueRequired\":true,\"valueName\":\"search_term_string\"}}],\"inLanguage\":\"en-GB\"},{\"@type\":\"Organization\",\"@id\":\"https:\/\/www.hotelmonceauelysees.fr\/en\/#organization\",\"name\":\"H\u00f4tel Monceau Elys\u00e9es ***\",\"url\":\"https:\/\/www.hotelmonceauelysees.fr\/en\/\",\"logo\":{\"@type\":\"ImageObject\",\"inLanguage\":\"en-GB\",\"@id\":\"https:\/\/www.hotelmonceauelysees.fr\/en\/#\/schema\/logo\/image\/\",\"url\":\"https:\/\/www.hotelmonceauelysees.fr\/wp-content\/uploads\/2025\/02\/cropped-logo_hme_text_transparent.webp\",\"contentUrl\":\"https:\/\/www.hotelmonceauelysees.fr\/wp-content\/uploads\/2025\/02\/cropped-logo_hme_text_transparent.webp\",\"width\":177,\"height\":160,\"caption\":\"H\u00f4tel Monceau Elys\u00e9es ***\"},\"image\":{\"@id\":\"https:\/\/www.hotelmonceauelysees.fr\/en\/#\/schema\/logo\/image\/\"},\"sameAs\":[\"https:\/\/www.facebook.com\/HotelMonceauElysees\"]}]}<\/script>\n<!-- \/ Yoast SEO plugin. -->","yoast_head_json":{"title":"E-concierge","robots":{"index":"index","follow":"follow","max-snippet":"max-snippet:-1","max-image-preview":"max-image-preview:large","max-video-preview":"max-video-preview:-1"},"canonical":"https:\/\/www.hotelmonceauelysees.fr\/en\/e-concierge\/","og_locale":"en_GB","og_type":"article","og_title":"E-concierge","og_url":"https:\/\/www.hotelmonceauelysees.fr\/en\/e-concierge\/","og_site_name":"\u2192 Monceau \u00c9lys\u00e9es H\u00f4tel *** - Paris 17e","article_publisher":"https:\/\/www.facebook.com\/HotelMonceauElysees","article_modified_time":"2025-02-05T14:38:51+00:00","og_image":[{"width":2560,"height":1707,"url":"https:\/\/www.hotelmonceauelysees.fr\/wp-content\/uploads\/2025\/02\/6_MonceauHQ-1-scaled-1.webp","type":"image\/webp"}],"twitter_card":"summary_large_image","schema":{"@context":"https:\/\/schema.org","@graph":[{"@type":"WebPage","@id":"https:\/\/www.hotelmonceauelysees.fr\/en\/e-concierge\/","url":"https:\/\/www.hotelmonceauelysees.fr\/en\/e-concierge\/","name":"E-concierge","isPartOf":{"@id":"https:\/\/www.hotelmonceauelysees.fr\/en\/#website"},"datePublished":"2025-02-05T08:58:42+00:00","dateModified":"2025-02-05T14:38:51+00:00","breadcrumb":{"@id":"https:\/\/www.hotelmonceauelysees.fr\/en\/e-concierge\/#breadcrumb"},"inLanguage":"en-GB","potentialAction":[{"@type":"ReadAction","target":["https:\/\/www.hotelmonceauelysees.fr\/en\/e-concierge\/"]}]},{"@type":"BreadcrumbList","@id":"https:\/\/www.hotelmonceauelysees.fr\/en\/e-concierge\/#breadcrumb","itemListElement":[{"@type":"ListItem","position":1,"name":"Accueil","item":"https:\/\/www.hotelmonceauelysees.fr\/en\/home\/"},{"@type":"ListItem","position":2,"name":"E-concierge"}]},{"@type":"WebSite","@id":"https:\/\/www.hotelmonceauelysees.fr\/en\/#website","url":"https:\/\/www.hotelmonceauelysees.fr\/en\/","name":"\u2192 Monceau \u00c9lys\u00e9es H\u00f4tel *** - Paris 17e","description":"H\u00f4tel 3 \u00e9toiles \u00e0 Paris","publisher":{"@id":"https:\/\/www.hotelmonceauelysees.fr\/en\/#organization"},"potentialAction":[{"@type":"SearchAction","target":{"@type":"EntryPoint","urlTemplate":"https:\/\/www.hotelmonceauelysees.fr\/en\/?s={search_term_string}"},"query-input":{"@type":"PropertyValueSpecification","valueRequired":true,"valueName":"search_term_string"}}],"inLanguage":"en-GB"},{"@type":"Organization","@id":"https:\/\/www.hotelmonceauelysees.fr\/en\/#organization","name":"H\u00f4tel Monceau Elys\u00e9es ***","url":"https:\/\/www.hotelmonceauelysees.fr\/en\/","logo":{"@type":"ImageObject","inLanguage":"en-GB","@id":"https:\/\/www.hotelmonceauelysees.fr\/en\/#\/schema\/logo\/image\/","url":"https:\/\/www.hotelmonceauelysees.fr\/wp-content\/uploads\/2025\/02\/cropped-logo_hme_text_transparent.webp","contentUrl":"https:\/\/www.hotelmonceauelysees.fr\/wp-content\/uploads\/2025\/02\/cropped-logo_hme_text_transparent.webp","width":177,"height":160,"caption":"H\u00f4tel Monceau Elys\u00e9es ***"},"image":{"@id":"https:\/\/www.hotelmonceauelysees.fr\/en\/#\/schema\/logo\/image\/"},"sameAs":["https:\/\/www.facebook.com\/HotelMonceauElysees"]}]}},"_links":{"self":[{"href":"https:\/\/www.hotelmonceauelysees.fr\/en\/wp-json\/wp\/v2\/pages\/1354","targetHints":{"allow":["GET"]}}],"collection":[{"href":"https:\/\/www.hotelmonceauelysees.fr\/en\/wp-json\/wp\/v2\/pages"}],"about":[{"href":"https:\/\/www.hotelmonceauelysees.fr\/en\/wp-json\/wp\/v2\/types\/page"}],"author":[{"embeddable":true,"href":"https:\/\/www.hotelmonceauelysees.fr\/en\/wp-json\/wp\/v2\/users\/4"}],"replies":[{"embeddable":true,"href":"https:\/\/www.hotelmonceauelysees.fr\/en\/wp-json\/wp\/v2\/comments?post=1354"}],"version-history":[{"count":3,"href":"https:\/\/www.hotelmonceauelysees.fr\/en\/wp-json\/wp\/v2\/pages\/1354\/revisions"}],"predecessor-version":[{"id":1453,"href":"https:\/\/www.hotelmonceauelysees.fr\/en\/wp-json\/wp\/v2\/pages\/1354\/revisions\/1453"}],"wp:attachment":[{"href":"https:\/\/www.hotelmonceauelysees.fr\/en\/wp-json\/wp\/v2\/media?parent=1354"}],"curies":[{"name":"wp","href":"https:\/\/api.w.org\/{rel}","templated":true}]}}