{"id":1292,"date":"2025-02-04T10:42:58","date_gmt":"2025-02-04T09:42:58","guid":{"rendered":"https:\/\/www.hotelmonceauelysees.fr\/?page_id=1292"},"modified":"2025-02-04T10:42:59","modified_gmt":"2025-02-04T09:42:59","slug":"privacy-policy","status":"publish","type":"page","link":"https:\/\/www.hotelmonceauelysees.fr\/en\/privacy-policy\/","title":{"rendered":"Privacy policy &#8211; H\u00f4tel Monceau \u00c9lys\u00e9es"},"content":{"rendered":"<style>.kb-row-layout-id1292_41d29f-67 > .kt-row-column-wrap{align-content:start;}:where(.kb-row-layout-id1292_41d29f-67 > .kt-row-column-wrap) > .wp-block-kadence-column{justify-content:start;}.kb-row-layout-id1292_41d29f-67 > .kt-row-column-wrap{column-gap:var(--global-kb-gap-md, 2rem);row-gap:var(--global-kb-gap-md, 2rem);padding-top:var(--global-kb-spacing-sm, 1.5rem);padding-bottom:var(--global-kb-spacing-sm, 1.5rem);grid-template-columns:minmax(0, 1fr);}.kb-row-layout-id1292_41d29f-67 > .kt-row-layout-overlay{opacity:0.30;}@media all and (max-width: 1024px){.kb-row-layout-id1292_41d29f-67 > .kt-row-column-wrap{grid-template-columns:minmax(0, 1fr);}}@media all and (max-width: 767px){.kb-row-layout-id1292_41d29f-67 > .kt-row-column-wrap{grid-template-columns:minmax(0, 1fr);}}<\/style><div class=\"kb-row-layout-wrap kb-row-layout-id1292_41d29f-67 alignnone wp-block-kadence-rowlayout\"><div class=\"kt-row-column-wrap kt-has-1-columns kt-row-layout-equal kt-tab-layout-inherit kt-mobile-layout-row kt-row-valign-top\">\n<style>.kadence-column1292_d2b545-6c > .kt-inside-inner-col{display:flex;}.kadence-column1292_d2b545-6c > .kt-inside-inner-col{padding-right:25%;padding-left:25%;}.kadence-column1292_d2b545-6c > .kt-inside-inner-col,.kadence-column1292_d2b545-6c > .kt-inside-inner-col:before{border-top-left-radius:0px;border-top-right-radius:0px;border-bottom-right-radius:0px;border-bottom-left-radius:0px;}.kadence-column1292_d2b545-6c > .kt-inside-inner-col{row-gap:var(--global-kb-gap-sm, 1rem);column-gap:var(--global-kb-gap-sm, 1rem);}.kadence-column1292_d2b545-6c > .kt-inside-inner-col{flex-direction:column;}.kadence-column1292_d2b545-6c > .kt-inside-inner-col > .aligncenter{width:100%;}.kadence-column1292_d2b545-6c > .kt-inside-inner-col:before{opacity:0.3;}.kadence-column1292_d2b545-6c{position:relative;}@media all and (max-width: 1024px){.kadence-column1292_d2b545-6c > .kt-inside-inner-col{flex-direction:column;justify-content:center;}}@media all and (max-width: 767px){.kadence-column1292_d2b545-6c > .kt-inside-inner-col{flex-direction:column;justify-content:center;}}<\/style>\n<div class=\"wp-block-kadence-column kadence-column1292_d2b545-6c\"><div class=\"kt-inside-inner-col\"><style>.wp-block-kadence-advancedheading.kt-adv-heading1292_30e5bb-66, .wp-block-kadence-advancedheading.kt-adv-heading1292_30e5bb-66[data-kb-block=\"kb-adv-heading1292_30e5bb-66\"]{padding-top:0px;margin-top:0px;text-align:center;font-size:var(--global-kb-font-size-lg, 2rem);font-style:normal;}.wp-block-kadence-advancedheading.kt-adv-heading1292_30e5bb-66 mark.kt-highlight, .wp-block-kadence-advancedheading.kt-adv-heading1292_30e5bb-66[data-kb-block=\"kb-adv-heading1292_30e5bb-66\"] mark.kt-highlight{font-style:normal;color:#f76a0c;-webkit-box-decoration-break:clone;box-decoration-break:clone;padding-top:0px;padding-right:0px;padding-bottom:0px;padding-left:0px;}.wp-block-kadence-advancedheading.kt-adv-heading1292_30e5bb-66 img.kb-inline-image, .wp-block-kadence-advancedheading.kt-adv-heading1292_30e5bb-66[data-kb-block=\"kb-adv-heading1292_30e5bb-66\"] img.kb-inline-image{width:150px;vertical-align:baseline;}<\/style>\n<h1 class=\"kt-adv-heading1292_30e5bb-66 wp-block-kadence-advancedheading\" data-kb-block=\"kb-adv-heading1292_30e5bb-66\">Privacy policy &#8211; H\u00f4tel Monceau \u00c9lys\u00e9es<\/h1>\n\n\n<style>.wp-block-kadence-spacer.kt-block-spacer-1292_43cc6d-71 .kt-block-spacer{height:6px;}.wp-block-kadence-spacer.kt-block-spacer-1292_43cc6d-71 .kt-divider{border-top-width:1px;height:1px;border-top-color:var(--global-palette3, #1A202C);width:40%;border-top-style:solid;}<\/style>\n<div class=\"wp-block-kadence-spacer aligncenter kt-block-spacer-1292_43cc6d-71\"><div class=\"kt-block-spacer kt-block-spacer-halign-center\"><hr class=\"kt-divider\"\/><\/div><\/div>\n\n\n\n<p style=\"margin-top:var(--wp--preset--spacing--30);margin-bottom:0\">he personal information that \u201cH\u00f4tel Monceau \u00c9lys\u00e9es\u201d will be required to process, and which concerns you, results from your approach with a view to making a reservation with our hotel, or with a view to you receiving documentation. These data are :<\/p>\n\n\n\n<ul class=\"wp-block-list\">\n<li>Reason for the trip;<\/li>\n\n\n\n<li>Composition of the travel group;<\/li>\n\n\n\n<li>Company information;<\/li>\n\n\n\n<li>Information about your stay;<\/li>\n\n\n\n<li>Satisfaction during your stay;<\/li>\n\n\n\n<li>Satisfaction after your stay;<\/li>\n\n\n\n<li>Recommendations for the surrounding area.<\/li>\n<\/ul>\n\n\n\n<p>This data is required for the following purposes:<\/p>\n\n\n\n<ul class=\"wp-block-list\">\n<li>Receive documentation about the hotel and\/or its group;<\/li>\n\n\n\n<li>Receive follow-up e-mails for satisfaction surveys and\/or prospecting purposes;<\/li>\n\n\n\n<li>Improved customer service and support;<\/li>\n\n\n\n<li>Book a service online;<\/li>\n\n\n\n<li>Statistics processing;<\/li>\n\n\n\n<li>Accounting and management of our hotel.<\/li>\n<\/ul>\n\n\n\n<p>This data is used by the hotel and its service providers for the purposes described below:<\/p>\n\n\n\n<ul class=\"wp-block-list\">\n<li>Availpro SAS (43531898500049) \u2013 14-16 Boulevard Poissonniere 75009 Paris : Booking creation;<\/li>\n\n\n\n<li>Medialog (34530661700043) \u2013 150 Boulevard Massena 75013 Paris : Booking registration;<\/li>\n\n\n\n<li>Progress9 (798 181 699 00017) \u2013 54 Rue de Clichy 75009 Paris : Customer satisfaction;<\/li>\n\n\n\n<li>Figestel SARL (50220869700024) \u2013 36 Rue du Montcel 95430 Auvers-sur-Oise : Hotel management.<\/li>\n<\/ul>\n\n\n\n<p>This information is not passed on to third parties and is strictly reserved for the internal uses described above.<\/p>\n\n\n\n<p>In accordance with the provisions of article L223-1 of the French Consumer Code, you have the right to register on\u00a0<a href=\"http:\/\/www.bloctel.gouv.fr\/\" target=\"_blank\" rel=\"noreferrer noopener\">Bloctel telephone marketing opposition list<\/a>\u00a0to avoir being contacted by companies with which you have no current contractual relationship. Registration on this list is free and can be done directly via\u00a0<a href=\"http:\/\/www.bloctel.gouv.fr\/\" target=\"_blank\" rel=\"noreferrer noopener\">the Bloctel website<\/a>.<\/p>\n\n\n\n<p>The law, and in particular the General Regulation on the Protection of Personal Data, gives you the right at any time to have the above data modified, as well as the right to have it communicated to you, deleted or limited in time. To this end, you can use one of the following procedures:<\/p>\n\n\n\n<ul class=\"wp-block-list\">\n<li>Send an e-mail to the hotel;<\/li>\n\n\n\n<li>Send a letter to the hotel;<\/li>\n\n\n\n<li>Direct contact with one of the above service providers.<\/li>\n<\/ul>\n\n\n<style>.wp-block-kadence-spacer.kt-block-spacer-1292_f8fed6-ce .kt-block-spacer{height:6px;}.wp-block-kadence-spacer.kt-block-spacer-1292_f8fed6-ce .kt-divider{border-top-width:1px;height:1px;border-top-color:var(--global-palette3, #1A202C);width:40%;border-top-style:solid;}<\/style>\n<div class=\"wp-block-kadence-spacer aligncenter kt-block-spacer-1292_f8fed6-ce\"><div class=\"kt-block-spacer kt-block-spacer-halign-center\"><hr class=\"kt-divider\"\/><\/div><\/div>\n\n\n\n<ul style=\"margin-top:var(--wp--preset--spacing--30);margin-bottom:var(--wp--preset--spacing--30)\" class=\"wp-block-list\">\n<li>Name : H\u00f4tel Monceau \u00c9lys\u00e9es<\/li>\n\n\n\n<li>Addresse : 108, rue de Courcelles &#8211; 75017 Paris<\/li>\n\n\n\n<li>Phone: <a href=\"tel:33147633308\">+33 1 47 63 33 08<\/a><\/li>\n\n\n\n<li>Email address : <a href=\"mailto:reservation@hotelmonceauelysees.fr\" target=\"_blank\" rel=\"noreferrer noopener\">reservation@hotelmonceauelysees.fr<\/a><\/li>\n\n\n\n<li>Website : <a href=\"https:\/\/www.hotelmonceauelysees.fr\/\">www.hotelmonceauelysees.fr<\/a><\/li>\n<\/ul>\n<\/div><\/div>\n\n<\/div><\/div>","protected":false},"excerpt":{"rendered":"<p>Privacy policy &#8211; H\u00f4tel Monceau \u00c9lys\u00e9es he personal information that \u201cH\u00f4tel Monceau \u00c9lys\u00e9es\u201d will be required to process, and which concerns you, results from your approach with a view to making a reservation with our hotel, or with a view to you receiving documentation. These data are : This data is required for the following&#8230;<\/p>","protected":false},"author":4,"featured_media":0,"parent":0,"menu_order":0,"comment_status":"closed","ping_status":"closed","template":"","meta":{"_kad_post_transparent":"disable","_kad_post_title":"hide","_kad_post_layout":"fullwidth","_kad_post_sidebar_id":"","_kad_post_content_style":"boxed","_kad_post_vertical_padding":"","_kad_post_feature":"","_kad_post_feature_position":"","_kad_post_header":false,"_kad_post_footer":false,"_kad_post_classname":"","footnotes":""},"class_list":["post-1292","page","type-page","status-publish","hentry"],"yoast_head":"<!-- This site is optimized with the Yoast SEO plugin v26.8 - https:\/\/yoast.com\/product\/yoast-seo-wordpress\/ -->\n<title>Privacy policy - H\u00f4tel Monceau \u00c9lys\u00e9es<\/title>\n<meta name=\"robots\" content=\"index, follow, max-snippet:-1, max-image-preview:large, max-video-preview:-1\" \/>\n<link rel=\"canonical\" href=\"https:\/\/www.hotelmonceauelysees.fr\/en\/privacy-policy\/\" \/>\n<meta property=\"og:locale\" content=\"en_GB\" \/>\n<meta property=\"og:type\" content=\"article\" \/>\n<meta property=\"og:title\" content=\"Privacy policy - H\u00f4tel Monceau \u00c9lys\u00e9es\" \/>\n<meta property=\"og:description\" content=\"Privacy policy &#8211; H\u00f4tel Monceau \u00c9lys\u00e9es he personal information that \u201cH\u00f4tel Monceau \u00c9lys\u00e9es\u201d will be required to process, and which concerns you, results from your approach with a view to making a reservation with our hotel, or with a view to you receiving documentation. These data are : This data is required for the following...\" \/>\n<meta property=\"og:url\" content=\"https:\/\/www.hotelmonceauelysees.fr\/en\/privacy-policy\/\" \/>\n<meta property=\"og:site_name\" content=\"\u2192 Monceau \u00c9lys\u00e9es H\u00f4tel *** - Paris 17e\" \/>\n<meta property=\"article:publisher\" content=\"https:\/\/www.facebook.com\/HotelMonceauElysees\" \/>\n<meta property=\"article:modified_time\" content=\"2025-02-04T09:42:59+00:00\" \/>\n<meta property=\"og:image\" content=\"https:\/\/www.hotelmonceauelysees.fr\/wp-content\/uploads\/2025\/02\/6_MonceauHQ-1-scaled-1.webp\" \/>\n\t<meta property=\"og:image:width\" content=\"2560\" \/>\n\t<meta property=\"og:image:height\" content=\"1707\" \/>\n\t<meta property=\"og:image:type\" content=\"image\/webp\" \/>\n<meta name=\"twitter:card\" content=\"summary_large_image\" \/>\n<meta name=\"twitter:label1\" content=\"Estimated reading time\" \/>\n\t<meta name=\"twitter:data1\" content=\"2 minutes\" \/>\n<script type=\"application\/ld+json\" class=\"yoast-schema-graph\">{\"@context\":\"https:\/\/schema.org\",\"@graph\":[{\"@type\":\"WebPage\",\"@id\":\"https:\/\/www.hotelmonceauelysees.fr\/en\/privacy-policy\/\",\"url\":\"https:\/\/www.hotelmonceauelysees.fr\/en\/privacy-policy\/\",\"name\":\"Privacy policy - H\u00f4tel Monceau \u00c9lys\u00e9es\",\"isPartOf\":{\"@id\":\"https:\/\/www.hotelmonceauelysees.fr\/en\/#website\"},\"datePublished\":\"2025-02-04T09:42:58+00:00\",\"dateModified\":\"2025-02-04T09:42:59+00:00\",\"breadcrumb\":{\"@id\":\"https:\/\/www.hotelmonceauelysees.fr\/en\/privacy-policy\/#breadcrumb\"},\"inLanguage\":\"en-GB\",\"potentialAction\":[{\"@type\":\"ReadAction\",\"target\":[\"https:\/\/www.hotelmonceauelysees.fr\/en\/privacy-policy\/\"]}]},{\"@type\":\"BreadcrumbList\",\"@id\":\"https:\/\/www.hotelmonceauelysees.fr\/en\/privacy-policy\/#breadcrumb\",\"itemListElement\":[{\"@type\":\"ListItem\",\"position\":1,\"name\":\"Accueil\",\"item\":\"https:\/\/www.hotelmonceauelysees.fr\/en\/home\/\"},{\"@type\":\"ListItem\",\"position\":2,\"name\":\"Privacy policy &#8211; H\u00f4tel Monceau \u00c9lys\u00e9es\"}]},{\"@type\":\"WebSite\",\"@id\":\"https:\/\/www.hotelmonceauelysees.fr\/en\/#website\",\"url\":\"https:\/\/www.hotelmonceauelysees.fr\/en\/\",\"name\":\"\u2192 Monceau \u00c9lys\u00e9es H\u00f4tel *** - Paris 17e\",\"description\":\"H\u00f4tel 3 \u00e9toiles \u00e0 Paris\",\"publisher\":{\"@id\":\"https:\/\/www.hotelmonceauelysees.fr\/en\/#organization\"},\"potentialAction\":[{\"@type\":\"SearchAction\",\"target\":{\"@type\":\"EntryPoint\",\"urlTemplate\":\"https:\/\/www.hotelmonceauelysees.fr\/en\/?s={search_term_string}\"},\"query-input\":{\"@type\":\"PropertyValueSpecification\",\"valueRequired\":true,\"valueName\":\"search_term_string\"}}],\"inLanguage\":\"en-GB\"},{\"@type\":\"Organization\",\"@id\":\"https:\/\/www.hotelmonceauelysees.fr\/en\/#organization\",\"name\":\"H\u00f4tel Monceau Elys\u00e9es ***\",\"url\":\"https:\/\/www.hotelmonceauelysees.fr\/en\/\",\"logo\":{\"@type\":\"ImageObject\",\"inLanguage\":\"en-GB\",\"@id\":\"https:\/\/www.hotelmonceauelysees.fr\/en\/#\/schema\/logo\/image\/\",\"url\":\"https:\/\/www.hotelmonceauelysees.fr\/wp-content\/uploads\/2025\/02\/cropped-logo_hme_text_transparent.webp\",\"contentUrl\":\"https:\/\/www.hotelmonceauelysees.fr\/wp-content\/uploads\/2025\/02\/cropped-logo_hme_text_transparent.webp\",\"width\":177,\"height\":160,\"caption\":\"H\u00f4tel Monceau Elys\u00e9es ***\"},\"image\":{\"@id\":\"https:\/\/www.hotelmonceauelysees.fr\/en\/#\/schema\/logo\/image\/\"},\"sameAs\":[\"https:\/\/www.facebook.com\/HotelMonceauElysees\"]}]}<\/script>\n<!-- \/ Yoast SEO plugin. -->","yoast_head_json":{"title":"Privacy policy - H\u00f4tel Monceau \u00c9lys\u00e9es","robots":{"index":"index","follow":"follow","max-snippet":"max-snippet:-1","max-image-preview":"max-image-preview:large","max-video-preview":"max-video-preview:-1"},"canonical":"https:\/\/www.hotelmonceauelysees.fr\/en\/privacy-policy\/","og_locale":"en_GB","og_type":"article","og_title":"Privacy policy - H\u00f4tel Monceau \u00c9lys\u00e9es","og_description":"Privacy policy &#8211; H\u00f4tel Monceau \u00c9lys\u00e9es he personal information that \u201cH\u00f4tel Monceau \u00c9lys\u00e9es\u201d will be required to process, and which concerns you, results from your approach with a view to making a reservation with our hotel, or with a view to you receiving documentation. These data are : This data is required for the following...","og_url":"https:\/\/www.hotelmonceauelysees.fr\/en\/privacy-policy\/","og_site_name":"\u2192 Monceau \u00c9lys\u00e9es H\u00f4tel *** - Paris 17e","article_publisher":"https:\/\/www.facebook.com\/HotelMonceauElysees","article_modified_time":"2025-02-04T09:42:59+00:00","og_image":[{"width":2560,"height":1707,"url":"https:\/\/www.hotelmonceauelysees.fr\/wp-content\/uploads\/2025\/02\/6_MonceauHQ-1-scaled-1.webp","type":"image\/webp"}],"twitter_card":"summary_large_image","twitter_misc":{"Estimated reading time":"2 minutes"},"schema":{"@context":"https:\/\/schema.org","@graph":[{"@type":"WebPage","@id":"https:\/\/www.hotelmonceauelysees.fr\/en\/privacy-policy\/","url":"https:\/\/www.hotelmonceauelysees.fr\/en\/privacy-policy\/","name":"Privacy policy - H\u00f4tel Monceau \u00c9lys\u00e9es","isPartOf":{"@id":"https:\/\/www.hotelmonceauelysees.fr\/en\/#website"},"datePublished":"2025-02-04T09:42:58+00:00","dateModified":"2025-02-04T09:42:59+00:00","breadcrumb":{"@id":"https:\/\/www.hotelmonceauelysees.fr\/en\/privacy-policy\/#breadcrumb"},"inLanguage":"en-GB","potentialAction":[{"@type":"ReadAction","target":["https:\/\/www.hotelmonceauelysees.fr\/en\/privacy-policy\/"]}]},{"@type":"BreadcrumbList","@id":"https:\/\/www.hotelmonceauelysees.fr\/en\/privacy-policy\/#breadcrumb","itemListElement":[{"@type":"ListItem","position":1,"name":"Accueil","item":"https:\/\/www.hotelmonceauelysees.fr\/en\/home\/"},{"@type":"ListItem","position":2,"name":"Privacy policy &#8211; H\u00f4tel Monceau \u00c9lys\u00e9es"}]},{"@type":"WebSite","@id":"https:\/\/www.hotelmonceauelysees.fr\/en\/#website","url":"https:\/\/www.hotelmonceauelysees.fr\/en\/","name":"\u2192 Monceau \u00c9lys\u00e9es H\u00f4tel *** - Paris 17e","description":"H\u00f4tel 3 \u00e9toiles \u00e0 Paris","publisher":{"@id":"https:\/\/www.hotelmonceauelysees.fr\/en\/#organization"},"potentialAction":[{"@type":"SearchAction","target":{"@type":"EntryPoint","urlTemplate":"https:\/\/www.hotelmonceauelysees.fr\/en\/?s={search_term_string}"},"query-input":{"@type":"PropertyValueSpecification","valueRequired":true,"valueName":"search_term_string"}}],"inLanguage":"en-GB"},{"@type":"Organization","@id":"https:\/\/www.hotelmonceauelysees.fr\/en\/#organization","name":"H\u00f4tel Monceau Elys\u00e9es ***","url":"https:\/\/www.hotelmonceauelysees.fr\/en\/","logo":{"@type":"ImageObject","inLanguage":"en-GB","@id":"https:\/\/www.hotelmonceauelysees.fr\/en\/#\/schema\/logo\/image\/","url":"https:\/\/www.hotelmonceauelysees.fr\/wp-content\/uploads\/2025\/02\/cropped-logo_hme_text_transparent.webp","contentUrl":"https:\/\/www.hotelmonceauelysees.fr\/wp-content\/uploads\/2025\/02\/cropped-logo_hme_text_transparent.webp","width":177,"height":160,"caption":"H\u00f4tel Monceau Elys\u00e9es ***"},"image":{"@id":"https:\/\/www.hotelmonceauelysees.fr\/en\/#\/schema\/logo\/image\/"},"sameAs":["https:\/\/www.facebook.com\/HotelMonceauElysees"]}]}},"_links":{"self":[{"href":"https:\/\/www.hotelmonceauelysees.fr\/en\/wp-json\/wp\/v2\/pages\/1292","targetHints":{"allow":["GET"]}}],"collection":[{"href":"https:\/\/www.hotelmonceauelysees.fr\/en\/wp-json\/wp\/v2\/pages"}],"about":[{"href":"https:\/\/www.hotelmonceauelysees.fr\/en\/wp-json\/wp\/v2\/types\/page"}],"author":[{"embeddable":true,"href":"https:\/\/www.hotelmonceauelysees.fr\/en\/wp-json\/wp\/v2\/users\/4"}],"replies":[{"embeddable":true,"href":"https:\/\/www.hotelmonceauelysees.fr\/en\/wp-json\/wp\/v2\/comments?post=1292"}],"version-history":[{"count":2,"href":"https:\/\/www.hotelmonceauelysees.fr\/en\/wp-json\/wp\/v2\/pages\/1292\/revisions"}],"predecessor-version":[{"id":1294,"href":"https:\/\/www.hotelmonceauelysees.fr\/en\/wp-json\/wp\/v2\/pages\/1292\/revisions\/1294"}],"wp:attachment":[{"href":"https:\/\/www.hotelmonceauelysees.fr\/en\/wp-json\/wp\/v2\/media?parent=1292"}],"curies":[{"name":"wp","href":"https:\/\/api.w.org\/{rel}","templated":true}]}}