{"id":1259,"date":"2025-02-04T09:26:50","date_gmt":"2025-02-04T08:26:50","guid":{"rendered":"https:\/\/www.hotelmonceauelysees.fr\/?page_id=1259"},"modified":"2025-02-04T11:00:23","modified_gmt":"2025-02-04T10:00:23","slug":"legal-notices","status":"publish","type":"page","link":"https:\/\/www.hotelmonceauelysees.fr\/en\/legal-notices\/","title":{"rendered":"Legal Notices"},"content":{"rendered":"<style>.kb-row-layout-id1259_736d66-06 > .kt-row-column-wrap{align-content:start;}:where(.kb-row-layout-id1259_736d66-06 > .kt-row-column-wrap) > .wp-block-kadence-column{justify-content:start;}.kb-row-layout-id1259_736d66-06 > .kt-row-column-wrap{column-gap:var(--global-kb-gap-md, 2rem);row-gap:var(--global-kb-gap-md, 2rem);padding-top:var(--global-kb-spacing-sm, 1.5rem);padding-bottom:var(--global-kb-spacing-sm, 1.5rem);grid-template-columns:minmax(0, 1fr);}.kb-row-layout-id1259_736d66-06 > .kt-row-layout-overlay{opacity:0.30;}@media all and (max-width: 1024px){.kb-row-layout-id1259_736d66-06 > .kt-row-column-wrap{grid-template-columns:minmax(0, 1fr);}}@media all and (max-width: 767px){.kb-row-layout-id1259_736d66-06 > .kt-row-column-wrap{grid-template-columns:minmax(0, 1fr);}}<\/style><div class=\"kb-row-layout-wrap kb-row-layout-id1259_736d66-06 alignnone wp-block-kadence-rowlayout\"><div class=\"kt-row-column-wrap kt-has-1-columns kt-row-layout-equal kt-tab-layout-inherit kt-mobile-layout-row kt-row-valign-top\">\n<style>.kadence-column1259_ef1d30-4a > .kt-inside-inner-col{display:flex;}.kadence-column1259_ef1d30-4a > .kt-inside-inner-col{padding-right:25%;padding-left:25%;}.kadence-column1259_ef1d30-4a > .kt-inside-inner-col,.kadence-column1259_ef1d30-4a > .kt-inside-inner-col:before{border-top-left-radius:0px;border-top-right-radius:0px;border-bottom-right-radius:0px;border-bottom-left-radius:0px;}.kadence-column1259_ef1d30-4a > .kt-inside-inner-col{column-gap:var(--global-kb-gap-sm, 1rem);}.kadence-column1259_ef1d30-4a > .kt-inside-inner-col{flex-direction:column;align-items:center;}.kadence-column1259_ef1d30-4a > .kt-inside-inner-col > .kb-image-is-ratio-size{align-self:stretch;}.kadence-column1259_ef1d30-4a > .kt-inside-inner-col > .wp-block-kadence-advancedgallery{align-self:stretch;}.kadence-column1259_ef1d30-4a > .kt-inside-inner-col > .aligncenter{width:100%;}.kadence-column1259_ef1d30-4a > .kt-inside-inner-col:before{opacity:0.3;}.kadence-column1259_ef1d30-4a{position:relative;}@media all and (max-width: 1024px){.kadence-column1259_ef1d30-4a > .kt-inside-inner-col{flex-direction:column;justify-content:center;align-items:center;}}@media all and (max-width: 767px){.kadence-column1259_ef1d30-4a > .kt-inside-inner-col{padding-right:var(--global-kb-spacing-xxs, 0.5rem);padding-left:var(--global-kb-spacing-xxs, 0.5rem);flex-direction:column;justify-content:center;align-items:center;}}<\/style>\n<div class=\"wp-block-kadence-column kadence-column1259_ef1d30-4a\"><div class=\"kt-inside-inner-col\"><style>.wp-block-kadence-advancedheading.kt-adv-heading1259_c04b42-17, .wp-block-kadence-advancedheading.kt-adv-heading1259_c04b42-17[data-kb-block=\"kb-adv-heading1259_c04b42-17\"]{font-style:normal;}.wp-block-kadence-advancedheading.kt-adv-heading1259_c04b42-17 mark.kt-highlight, .wp-block-kadence-advancedheading.kt-adv-heading1259_c04b42-17[data-kb-block=\"kb-adv-heading1259_c04b42-17\"] mark.kt-highlight{font-style:normal;color:#f76a0c;-webkit-box-decoration-break:clone;box-decoration-break:clone;padding-top:0px;padding-right:0px;padding-bottom:0px;padding-left:0px;}.wp-block-kadence-advancedheading.kt-adv-heading1259_c04b42-17 img.kb-inline-image, .wp-block-kadence-advancedheading.kt-adv-heading1259_c04b42-17[data-kb-block=\"kb-adv-heading1259_c04b42-17\"] img.kb-inline-image{width:150px;vertical-align:baseline;}<\/style>\n<h1 class=\"kt-adv-heading1259_c04b42-17 wp-block-kadence-advancedheading\" data-kb-block=\"kb-adv-heading1259_c04b42-17\">Legal Notices<\/h1>\n\n\n<style>.wp-block-kadence-spacer.kt-block-spacer-1259_73483f-33 .kt-block-spacer{height:6px;}.wp-block-kadence-spacer.kt-block-spacer-1259_73483f-33 .kt-divider{border-top-width:1px;height:1px;border-top-color:var(--global-palette3, #1A202C);width:40%;border-top-style:solid;}<\/style>\n<div class=\"wp-block-kadence-spacer aligncenter kt-block-spacer-1259_73483f-33\"><div class=\"kt-block-spacer kt-block-spacer-halign-center\"><hr class=\"kt-divider\"\/><\/div><\/div>\n<\/div><\/div>\n\n<\/div><\/div>\n\n<style>.kb-row-layout-id1259_98510f-03 > .kt-row-column-wrap{align-content:start;}:where(.kb-row-layout-id1259_98510f-03 > .kt-row-column-wrap) > .wp-block-kadence-column{justify-content:start;}.kb-row-layout-id1259_98510f-03 > .kt-row-column-wrap{column-gap:var(--global-kb-gap-md, 2rem);row-gap:var(--global-kb-gap-md, 2rem);padding-top:var(--global-kb-spacing-xxl, 5rem);padding-right:var(--global-kb-spacing-lg, 3rem);padding-bottom:var(--global-kb-spacing-sm, 1.5rem);padding-left:var(--global-kb-spacing-lg, 3rem);}.kb-row-layout-id1259_98510f-03 > .kt-row-column-wrap > div:not(.added-for-specificity){grid-column:initial;}.kb-row-layout-id1259_98510f-03 > .kt-row-column-wrap{grid-template-columns:repeat(2, minmax(0, 1fr));}.kb-row-layout-id1259_98510f-03 > .kt-row-layout-overlay{opacity:0.30;}@media all and (max-width: 1024px){.kb-row-layout-id1259_98510f-03 > .kt-row-column-wrap > div:not(.added-for-specificity){grid-column:initial;}}@media all and (max-width: 1024px){.kb-row-layout-id1259_98510f-03 > .kt-row-column-wrap{grid-template-columns:repeat(2, minmax(0, 1fr));}}@media all and (max-width: 767px){.kb-row-layout-id1259_98510f-03 > .kt-row-column-wrap{padding-top:var(--global-kb-spacing-xl, 4rem);padding-right:var(--global-kb-spacing-xxs, 0.5rem);padding-left:var(--global-kb-spacing-xxs, 0.5rem);grid-template-columns:minmax(0, 1fr);}.kb-row-layout-id1259_98510f-03 > .kt-row-column-wrap > div:not(.added-for-specificity){grid-column:initial;}}<\/style><div class=\"kb-row-layout-wrap kb-row-layout-id1259_98510f-03 alignnone wp-block-kadence-rowlayout\"><div class=\"kt-row-column-wrap kt-has-4-columns kt-row-layout-two-grid kt-tab-layout-inherit kt-mobile-layout-row kt-row-valign-top\">\n<style>.kadence-column1259_5dd3f9-2f > .kt-inside-inner-col{display:flex;}.kadence-column1259_5dd3f9-2f > .kt-inside-inner-col,.kadence-column1259_5dd3f9-2f > .kt-inside-inner-col:before{border-top-left-radius:0px;border-top-right-radius:0px;border-bottom-right-radius:0px;border-bottom-left-radius:0px;}.kadence-column1259_5dd3f9-2f > .kt-inside-inner-col{row-gap:var(--global-kb-gap-md, 2rem);column-gap:var(--global-kb-gap-sm, 1rem);}.kadence-column1259_5dd3f9-2f > .kt-inside-inner-col{flex-direction:column;align-items:flex-start;}.kadence-column1259_5dd3f9-2f > .kt-inside-inner-col > .kb-image-is-ratio-size{align-self:stretch;}.kadence-column1259_5dd3f9-2f > .kt-inside-inner-col > .wp-block-kadence-advancedgallery{align-self:stretch;}.kadence-column1259_5dd3f9-2f > .kt-inside-inner-col > .aligncenter{width:100%;}.kadence-column1259_5dd3f9-2f > .kt-inside-inner-col:before{opacity:0.3;}.kadence-column1259_5dd3f9-2f{position:relative;}@media all and (max-width: 1024px){.kadence-column1259_5dd3f9-2f > .kt-inside-inner-col{flex-direction:column;justify-content:center;align-items:flex-start;}}@media all and (max-width: 767px){.kadence-column1259_5dd3f9-2f > .kt-inside-inner-col{flex-direction:column;justify-content:center;align-items:flex-start;}}<\/style>\n<div class=\"wp-block-kadence-column kadence-column1259_5dd3f9-2f\"><div class=\"kt-inside-inner-col\"><style>.wp-block-kadence-advancedheading.kt-adv-heading1259_19d1f8-13, .wp-block-kadence-advancedheading.kt-adv-heading1259_19d1f8-13[data-kb-block=\"kb-adv-heading1259_19d1f8-13\"]{padding-top:0px;margin-top:0px;text-align:left;font-size:var(--global-kb-font-size-lg, 2rem);font-style:normal;}.wp-block-kadence-advancedheading.kt-adv-heading1259_19d1f8-13 mark.kt-highlight, .wp-block-kadence-advancedheading.kt-adv-heading1259_19d1f8-13[data-kb-block=\"kb-adv-heading1259_19d1f8-13\"] mark.kt-highlight{font-style:normal;color:#f76a0c;-webkit-box-decoration-break:clone;box-decoration-break:clone;padding-top:0px;padding-right:0px;padding-bottom:0px;padding-left:0px;}.wp-block-kadence-advancedheading.kt-adv-heading1259_19d1f8-13 img.kb-inline-image, .wp-block-kadence-advancedheading.kt-adv-heading1259_19d1f8-13[data-kb-block=\"kb-adv-heading1259_19d1f8-13\"] img.kb-inline-image{width:150px;vertical-align:baseline;}<\/style>\n<h2 class=\"kt-adv-heading1259_19d1f8-13 wp-block-kadence-advancedheading\" data-kb-block=\"kb-adv-heading1259_19d1f8-13\">Monceau \u00c9lys\u00e9es<\/h2>\n\n\n\n<p style=\"margin-top:var(--wp--preset--spacing--30);margin-bottom:0\">SAS MONCEAU ELYSEES with share capital of \u20ac16,632<\/p>\n\n\n\n<ul class=\"wp-block-list\">\n<li>RCS : Paris B 562 019 281<\/li>\n\n\n\n<li>TVA : FR72562019281<\/li>\n<\/ul>\n\n\n\n<p>The hotel is located at 108 rue de Courcelles, 75017 PARIS.<\/p>\n<\/div><\/div>\n\n\n<style>.kadence-column1259_24ae0a-3f > .kt-inside-inner-col{display:flex;}.kadence-column1259_24ae0a-3f > .kt-inside-inner-col,.kadence-column1259_24ae0a-3f > .kt-inside-inner-col:before{border-top-left-radius:0px;border-top-right-radius:0px;border-bottom-right-radius:0px;border-bottom-left-radius:0px;}.kadence-column1259_24ae0a-3f > .kt-inside-inner-col{row-gap:var(--global-kb-gap-md, 2rem);column-gap:var(--global-kb-gap-sm, 1rem);}.kadence-column1259_24ae0a-3f > .kt-inside-inner-col{flex-direction:column;align-items:flex-start;}.kadence-column1259_24ae0a-3f > .kt-inside-inner-col > .kb-image-is-ratio-size{align-self:stretch;}.kadence-column1259_24ae0a-3f > .kt-inside-inner-col > .wp-block-kadence-advancedgallery{align-self:stretch;}.kadence-column1259_24ae0a-3f > .kt-inside-inner-col > .aligncenter{width:100%;}.kadence-column1259_24ae0a-3f > .kt-inside-inner-col:before{opacity:0.3;}.kadence-column1259_24ae0a-3f{position:relative;}@media all and (max-width: 1024px){.kadence-column1259_24ae0a-3f > .kt-inside-inner-col{flex-direction:column;justify-content:center;align-items:flex-start;}}@media all and (max-width: 767px){.kadence-column1259_24ae0a-3f > .kt-inside-inner-col{flex-direction:column;justify-content:center;align-items:flex-start;}}<\/style>\n<div class=\"wp-block-kadence-column kadence-column1259_24ae0a-3f\"><div class=\"kt-inside-inner-col\"><style>.wp-block-kadence-advancedheading.kt-adv-heading1259_b94b26-fc, .wp-block-kadence-advancedheading.kt-adv-heading1259_b94b26-fc[data-kb-block=\"kb-adv-heading1259_b94b26-fc\"]{padding-top:0px;margin-top:0px;text-align:left;font-size:var(--global-kb-font-size-lg, 2rem);font-style:normal;}.wp-block-kadence-advancedheading.kt-adv-heading1259_b94b26-fc mark.kt-highlight, .wp-block-kadence-advancedheading.kt-adv-heading1259_b94b26-fc[data-kb-block=\"kb-adv-heading1259_b94b26-fc\"] mark.kt-highlight{font-style:normal;color:#f76a0c;-webkit-box-decoration-break:clone;box-decoration-break:clone;padding-top:0px;padding-right:0px;padding-bottom:0px;padding-left:0px;}.wp-block-kadence-advancedheading.kt-adv-heading1259_b94b26-fc img.kb-inline-image, .wp-block-kadence-advancedheading.kt-adv-heading1259_b94b26-fc[data-kb-block=\"kb-adv-heading1259_b94b26-fc\"] img.kb-inline-image{width:150px;vertical-align:baseline;}<\/style>\n<h2 class=\"kt-adv-heading1259_b94b26-fc wp-block-kadence-advancedheading\" data-kb-block=\"kb-adv-heading1259_b94b26-fc\">Contact<\/h2>\n\n\n\n<ul class=\"wp-block-list\">\n<li>Phone : 01 47 63 33 08<\/li>\n\n\n\n<li>Mail :&nbsp;<a href=\"mailto:reservations@hotelmonceauelysees.fr\">reservation<\/a><a href=\"mailto:reservations@hotelmonceauelysees.fr\" target=\"_blank\" rel=\"noreferrer noopener\">s<\/a><a href=\"mailto:reservations@hotelmonceauelysees.fr\">@hotelmonceauelysees.fr<\/a><\/li>\n<\/ul>\n<\/div><\/div>\n\n\n<style>.kadence-column1259_c6fd2a-de > .kt-inside-inner-col{display:flex;}.kadence-column1259_c6fd2a-de > .kt-inside-inner-col,.kadence-column1259_c6fd2a-de > .kt-inside-inner-col:before{border-top-left-radius:0px;border-top-right-radius:0px;border-bottom-right-radius:0px;border-bottom-left-radius:0px;}.kadence-column1259_c6fd2a-de > .kt-inside-inner-col{row-gap:var(--global-kb-gap-md, 2rem);column-gap:var(--global-kb-gap-sm, 1rem);}.kadence-column1259_c6fd2a-de > .kt-inside-inner-col{flex-direction:column;align-items:flex-start;}.kadence-column1259_c6fd2a-de > .kt-inside-inner-col > .kb-image-is-ratio-size{align-self:stretch;}.kadence-column1259_c6fd2a-de > .kt-inside-inner-col > .wp-block-kadence-advancedgallery{align-self:stretch;}.kadence-column1259_c6fd2a-de > .kt-inside-inner-col > .aligncenter{width:100%;}.kadence-column1259_c6fd2a-de > .kt-inside-inner-col:before{opacity:0.3;}.kadence-column1259_c6fd2a-de{position:relative;}@media all and (max-width: 1024px){.kadence-column1259_c6fd2a-de > .kt-inside-inner-col{flex-direction:column;justify-content:center;align-items:flex-start;}}@media all and (max-width: 767px){.kadence-column1259_c6fd2a-de > .kt-inside-inner-col{flex-direction:column;justify-content:center;align-items:flex-start;}}<\/style>\n<div class=\"wp-block-kadence-column kadence-column1259_c6fd2a-de\"><div class=\"kt-inside-inner-col\"><style>.wp-block-kadence-advancedheading.kt-adv-heading1259_142a62-a6, .wp-block-kadence-advancedheading.kt-adv-heading1259_142a62-a6[data-kb-block=\"kb-adv-heading1259_142a62-a6\"]{padding-top:0px;margin-top:0px;text-align:left;font-size:var(--global-kb-font-size-lg, 2rem);font-style:normal;}.wp-block-kadence-advancedheading.kt-adv-heading1259_142a62-a6 mark.kt-highlight, .wp-block-kadence-advancedheading.kt-adv-heading1259_142a62-a6[data-kb-block=\"kb-adv-heading1259_142a62-a6\"] mark.kt-highlight{font-style:normal;color:#f76a0c;-webkit-box-decoration-break:clone;box-decoration-break:clone;padding-top:0px;padding-right:0px;padding-bottom:0px;padding-left:0px;}.wp-block-kadence-advancedheading.kt-adv-heading1259_142a62-a6 img.kb-inline-image, .wp-block-kadence-advancedheading.kt-adv-heading1259_142a62-a6[data-kb-block=\"kb-adv-heading1259_142a62-a6\"] img.kb-inline-image{width:150px;vertical-align:baseline;}<\/style>\n<h2 class=\"kt-adv-heading1259_142a62-a6 wp-block-kadence-advancedheading\" data-kb-block=\"kb-adv-heading1259_142a62-a6\">Hosting : OVH<\/h2>\n\n\n\n<ul class=\"wp-block-list\">\n<li>Phone : +33 (0)8 99 70 17 61<\/li>\n\n\n\n<li>Addresse : 2 rue Kellermann, 59100 Roubaix, France.<\/li>\n\n\n\n<li>SIRET : N\u00b042476141900045<\/li>\n\n\n\n<li>RCS : Lille Metropole B 424761419<\/li>\n\n\n\n<li>Intra-Community VAT No. :&nbsp; FR224244761419<\/li>\n\n\n\n<li>Legal form: Simplified joint stock company<\/li>\n\n\n\n<li>Share capital : 10.000.000,00\u20ac<\/li>\n<\/ul>\n<\/div><\/div>\n\n\n<style>.kadence-column1259_d33c6a-91 > .kt-inside-inner-col{display:flex;}.kadence-column1259_d33c6a-91 > .kt-inside-inner-col,.kadence-column1259_d33c6a-91 > .kt-inside-inner-col:before{border-top-left-radius:0px;border-top-right-radius:0px;border-bottom-right-radius:0px;border-bottom-left-radius:0px;}.kadence-column1259_d33c6a-91 > .kt-inside-inner-col{row-gap:var(--global-kb-gap-md, 2rem);column-gap:var(--global-kb-gap-sm, 1rem);}.kadence-column1259_d33c6a-91 > .kt-inside-inner-col{flex-direction:column;align-items:flex-start;}.kadence-column1259_d33c6a-91 > .kt-inside-inner-col > .kb-image-is-ratio-size{align-self:stretch;}.kadence-column1259_d33c6a-91 > .kt-inside-inner-col > .wp-block-kadence-advancedgallery{align-self:stretch;}.kadence-column1259_d33c6a-91 > .kt-inside-inner-col > .aligncenter{width:100%;}.kadence-column1259_d33c6a-91 > .kt-inside-inner-col:before{opacity:0.3;}.kadence-column1259_d33c6a-91{position:relative;}@media all and (max-width: 1024px){.kadence-column1259_d33c6a-91 > .kt-inside-inner-col{flex-direction:column;justify-content:center;align-items:flex-start;}}@media all and (max-width: 767px){.kadence-column1259_d33c6a-91 > .kt-inside-inner-col{flex-direction:column;justify-content:center;align-items:flex-start;}}<\/style>\n<div class=\"wp-block-kadence-column kadence-column1259_d33c6a-91\"><div class=\"kt-inside-inner-col\"><style>.wp-block-kadence-advancedheading.kt-adv-heading1259_c45b6a-62, .wp-block-kadence-advancedheading.kt-adv-heading1259_c45b6a-62[data-kb-block=\"kb-adv-heading1259_c45b6a-62\"]{padding-top:0px;margin-top:0px;text-align:left;font-size:var(--global-kb-font-size-lg, 2rem);font-style:normal;}.wp-block-kadence-advancedheading.kt-adv-heading1259_c45b6a-62 mark.kt-highlight, .wp-block-kadence-advancedheading.kt-adv-heading1259_c45b6a-62[data-kb-block=\"kb-adv-heading1259_c45b6a-62\"] mark.kt-highlight{font-style:normal;color:#f76a0c;-webkit-box-decoration-break:clone;box-decoration-break:clone;padding-top:0px;padding-right:0px;padding-bottom:0px;padding-left:0px;}.wp-block-kadence-advancedheading.kt-adv-heading1259_c45b6a-62 img.kb-inline-image, .wp-block-kadence-advancedheading.kt-adv-heading1259_c45b6a-62[data-kb-block=\"kb-adv-heading1259_c45b6a-62\"] img.kb-inline-image{width:150px;vertical-align:baseline;}<\/style>\n<h2 class=\"kt-adv-heading1259_c45b6a-62 wp-block-kadence-advancedheading\" data-kb-block=\"kb-adv-heading1259_c45b6a-62\">GDS Codes (FG code string)<\/h2>\n\n\n\n<ul class=\"wp-block-list\">\n<li>Amadeus\/PAR376<\/li>\n\n\n\n<li>Galileo\/49603<\/li>\n\n\n\n<li>Sabre\/39975<\/li>\n\n\n\n<li>Worldspan\/0376<\/li>\n<\/ul>\n<\/div><\/div>\n\n<\/div><\/div>","protected":false},"excerpt":{"rendered":"<p>Legal Notices Monceau \u00c9lys\u00e9es SAS MONCEAU ELYSEES with share capital of \u20ac16,632 The hotel is located at 108 rue de Courcelles, 75017 PARIS. Contact Hosting : OVH GDS Codes (FG code string)<\/p>","protected":false},"author":4,"featured_media":0,"parent":0,"menu_order":0,"comment_status":"closed","ping_status":"closed","template":"","meta":{"_kad_post_transparent":"disable","_kad_post_title":"hide","_kad_post_layout":"fullwidth","_kad_post_sidebar_id":"","_kad_post_content_style":"boxed","_kad_post_vertical_padding":"","_kad_post_feature":"","_kad_post_feature_position":"","_kad_post_header":false,"_kad_post_footer":false,"_kad_post_classname":"","footnotes":""},"class_list":["post-1259","page","type-page","status-publish","hentry"],"yoast_head":"<!-- This site is optimized with the Yoast SEO plugin v26.8 - https:\/\/yoast.com\/product\/yoast-seo-wordpress\/ -->\n<title>Legal Notices<\/title>\n<meta name=\"robots\" content=\"index, follow, max-snippet:-1, max-image-preview:large, max-video-preview:-1\" \/>\n<link rel=\"canonical\" href=\"https:\/\/www.hotelmonceauelysees.fr\/en\/legal-notices\/\" \/>\n<meta property=\"og:locale\" content=\"en_GB\" \/>\n<meta property=\"og:type\" content=\"article\" \/>\n<meta property=\"og:title\" content=\"Legal Notices\" \/>\n<meta property=\"og:description\" content=\"Legal Notices Monceau \u00c9lys\u00e9es SAS MONCEAU ELYSEES with share capital of \u20ac16,632 The hotel is located at 108 rue de Courcelles, 75017 PARIS. Contact Hosting : OVH GDS Codes (FG code string)\" \/>\n<meta property=\"og:url\" content=\"https:\/\/www.hotelmonceauelysees.fr\/en\/legal-notices\/\" \/>\n<meta property=\"og:site_name\" content=\"\u2192 Monceau \u00c9lys\u00e9es H\u00f4tel *** - Paris 17e\" \/>\n<meta property=\"article:publisher\" content=\"https:\/\/www.facebook.com\/HotelMonceauElysees\" \/>\n<meta property=\"article:modified_time\" content=\"2025-02-04T10:00:23+00:00\" \/>\n<meta property=\"og:image\" content=\"https:\/\/www.hotelmonceauelysees.fr\/wp-content\/uploads\/2025\/02\/6_MonceauHQ-1-scaled-1.webp\" \/>\n\t<meta property=\"og:image:width\" content=\"2560\" \/>\n\t<meta property=\"og:image:height\" content=\"1707\" \/>\n\t<meta property=\"og:image:type\" content=\"image\/webp\" \/>\n<meta name=\"twitter:card\" content=\"summary_large_image\" \/>\n<meta name=\"twitter:label1\" content=\"Estimated reading time\" \/>\n\t<meta name=\"twitter:data1\" content=\"1 minute\" \/>\n<script type=\"application\/ld+json\" class=\"yoast-schema-graph\">{\"@context\":\"https:\/\/schema.org\",\"@graph\":[{\"@type\":\"WebPage\",\"@id\":\"https:\/\/www.hotelmonceauelysees.fr\/en\/legal-notices\/\",\"url\":\"https:\/\/www.hotelmonceauelysees.fr\/en\/legal-notices\/\",\"name\":\"Legal Notices\",\"isPartOf\":{\"@id\":\"https:\/\/www.hotelmonceauelysees.fr\/en\/#website\"},\"datePublished\":\"2025-02-04T08:26:50+00:00\",\"dateModified\":\"2025-02-04T10:00:23+00:00\",\"breadcrumb\":{\"@id\":\"https:\/\/www.hotelmonceauelysees.fr\/en\/legal-notices\/#breadcrumb\"},\"inLanguage\":\"en-GB\",\"potentialAction\":[{\"@type\":\"ReadAction\",\"target\":[\"https:\/\/www.hotelmonceauelysees.fr\/en\/legal-notices\/\"]}]},{\"@type\":\"BreadcrumbList\",\"@id\":\"https:\/\/www.hotelmonceauelysees.fr\/en\/legal-notices\/#breadcrumb\",\"itemListElement\":[{\"@type\":\"ListItem\",\"position\":1,\"name\":\"Accueil\",\"item\":\"https:\/\/www.hotelmonceauelysees.fr\/en\/home\/\"},{\"@type\":\"ListItem\",\"position\":2,\"name\":\"Legal Notices\"}]},{\"@type\":\"WebSite\",\"@id\":\"https:\/\/www.hotelmonceauelysees.fr\/en\/#website\",\"url\":\"https:\/\/www.hotelmonceauelysees.fr\/en\/\",\"name\":\"\u2192 Monceau \u00c9lys\u00e9es H\u00f4tel *** - Paris 17e\",\"description\":\"H\u00f4tel 3 \u00e9toiles \u00e0 Paris\",\"publisher\":{\"@id\":\"https:\/\/www.hotelmonceauelysees.fr\/en\/#organization\"},\"potentialAction\":[{\"@type\":\"SearchAction\",\"target\":{\"@type\":\"EntryPoint\",\"urlTemplate\":\"https:\/\/www.hotelmonceauelysees.fr\/en\/?s={search_term_string}\"},\"query-input\":{\"@type\":\"PropertyValueSpecification\",\"valueRequired\":true,\"valueName\":\"search_term_string\"}}],\"inLanguage\":\"en-GB\"},{\"@type\":\"Organization\",\"@id\":\"https:\/\/www.hotelmonceauelysees.fr\/en\/#organization\",\"name\":\"H\u00f4tel Monceau Elys\u00e9es ***\",\"url\":\"https:\/\/www.hotelmonceauelysees.fr\/en\/\",\"logo\":{\"@type\":\"ImageObject\",\"inLanguage\":\"en-GB\",\"@id\":\"https:\/\/www.hotelmonceauelysees.fr\/en\/#\/schema\/logo\/image\/\",\"url\":\"https:\/\/www.hotelmonceauelysees.fr\/wp-content\/uploads\/2025\/02\/cropped-logo_hme_text_transparent.webp\",\"contentUrl\":\"https:\/\/www.hotelmonceauelysees.fr\/wp-content\/uploads\/2025\/02\/cropped-logo_hme_text_transparent.webp\",\"width\":177,\"height\":160,\"caption\":\"H\u00f4tel Monceau Elys\u00e9es ***\"},\"image\":{\"@id\":\"https:\/\/www.hotelmonceauelysees.fr\/en\/#\/schema\/logo\/image\/\"},\"sameAs\":[\"https:\/\/www.facebook.com\/HotelMonceauElysees\"]}]}<\/script>\n<!-- \/ Yoast SEO plugin. -->","yoast_head_json":{"title":"Legal Notices","robots":{"index":"index","follow":"follow","max-snippet":"max-snippet:-1","max-image-preview":"max-image-preview:large","max-video-preview":"max-video-preview:-1"},"canonical":"https:\/\/www.hotelmonceauelysees.fr\/en\/legal-notices\/","og_locale":"en_GB","og_type":"article","og_title":"Legal Notices","og_description":"Legal Notices Monceau \u00c9lys\u00e9es SAS MONCEAU ELYSEES with share capital of \u20ac16,632 The hotel is located at 108 rue de Courcelles, 75017 PARIS. Contact Hosting : OVH GDS Codes (FG code string)","og_url":"https:\/\/www.hotelmonceauelysees.fr\/en\/legal-notices\/","og_site_name":"\u2192 Monceau \u00c9lys\u00e9es H\u00f4tel *** - Paris 17e","article_publisher":"https:\/\/www.facebook.com\/HotelMonceauElysees","article_modified_time":"2025-02-04T10:00:23+00:00","og_image":[{"width":2560,"height":1707,"url":"https:\/\/www.hotelmonceauelysees.fr\/wp-content\/uploads\/2025\/02\/6_MonceauHQ-1-scaled-1.webp","type":"image\/webp"}],"twitter_card":"summary_large_image","twitter_misc":{"Estimated reading time":"1 minute"},"schema":{"@context":"https:\/\/schema.org","@graph":[{"@type":"WebPage","@id":"https:\/\/www.hotelmonceauelysees.fr\/en\/legal-notices\/","url":"https:\/\/www.hotelmonceauelysees.fr\/en\/legal-notices\/","name":"Legal Notices","isPartOf":{"@id":"https:\/\/www.hotelmonceauelysees.fr\/en\/#website"},"datePublished":"2025-02-04T08:26:50+00:00","dateModified":"2025-02-04T10:00:23+00:00","breadcrumb":{"@id":"https:\/\/www.hotelmonceauelysees.fr\/en\/legal-notices\/#breadcrumb"},"inLanguage":"en-GB","potentialAction":[{"@type":"ReadAction","target":["https:\/\/www.hotelmonceauelysees.fr\/en\/legal-notices\/"]}]},{"@type":"BreadcrumbList","@id":"https:\/\/www.hotelmonceauelysees.fr\/en\/legal-notices\/#breadcrumb","itemListElement":[{"@type":"ListItem","position":1,"name":"Accueil","item":"https:\/\/www.hotelmonceauelysees.fr\/en\/home\/"},{"@type":"ListItem","position":2,"name":"Legal Notices"}]},{"@type":"WebSite","@id":"https:\/\/www.hotelmonceauelysees.fr\/en\/#website","url":"https:\/\/www.hotelmonceauelysees.fr\/en\/","name":"\u2192 Monceau \u00c9lys\u00e9es H\u00f4tel *** - Paris 17e","description":"H\u00f4tel 3 \u00e9toiles \u00e0 Paris","publisher":{"@id":"https:\/\/www.hotelmonceauelysees.fr\/en\/#organization"},"potentialAction":[{"@type":"SearchAction","target":{"@type":"EntryPoint","urlTemplate":"https:\/\/www.hotelmonceauelysees.fr\/en\/?s={search_term_string}"},"query-input":{"@type":"PropertyValueSpecification","valueRequired":true,"valueName":"search_term_string"}}],"inLanguage":"en-GB"},{"@type":"Organization","@id":"https:\/\/www.hotelmonceauelysees.fr\/en\/#organization","name":"H\u00f4tel Monceau Elys\u00e9es ***","url":"https:\/\/www.hotelmonceauelysees.fr\/en\/","logo":{"@type":"ImageObject","inLanguage":"en-GB","@id":"https:\/\/www.hotelmonceauelysees.fr\/en\/#\/schema\/logo\/image\/","url":"https:\/\/www.hotelmonceauelysees.fr\/wp-content\/uploads\/2025\/02\/cropped-logo_hme_text_transparent.webp","contentUrl":"https:\/\/www.hotelmonceauelysees.fr\/wp-content\/uploads\/2025\/02\/cropped-logo_hme_text_transparent.webp","width":177,"height":160,"caption":"H\u00f4tel Monceau Elys\u00e9es ***"},"image":{"@id":"https:\/\/www.hotelmonceauelysees.fr\/en\/#\/schema\/logo\/image\/"},"sameAs":["https:\/\/www.facebook.com\/HotelMonceauElysees"]}]}},"_links":{"self":[{"href":"https:\/\/www.hotelmonceauelysees.fr\/en\/wp-json\/wp\/v2\/pages\/1259","targetHints":{"allow":["GET"]}}],"collection":[{"href":"https:\/\/www.hotelmonceauelysees.fr\/en\/wp-json\/wp\/v2\/pages"}],"about":[{"href":"https:\/\/www.hotelmonceauelysees.fr\/en\/wp-json\/wp\/v2\/types\/page"}],"author":[{"embeddable":true,"href":"https:\/\/www.hotelmonceauelysees.fr\/en\/wp-json\/wp\/v2\/users\/4"}],"replies":[{"embeddable":true,"href":"https:\/\/www.hotelmonceauelysees.fr\/en\/wp-json\/wp\/v2\/comments?post=1259"}],"version-history":[{"count":2,"href":"https:\/\/www.hotelmonceauelysees.fr\/en\/wp-json\/wp\/v2\/pages\/1259\/revisions"}],"predecessor-version":[{"id":1312,"href":"https:\/\/www.hotelmonceauelysees.fr\/en\/wp-json\/wp\/v2\/pages\/1259\/revisions\/1312"}],"wp:attachment":[{"href":"https:\/\/www.hotelmonceauelysees.fr\/en\/wp-json\/wp\/v2\/media?parent=1259"}],"curies":[{"name":"wp","href":"https:\/\/api.w.org\/{rel}","templated":true}]}}